{"id":106,"date":"2026-01-13T14:54:04","date_gmt":"2026-01-13T13:54:04","guid":{"rendered":"https:\/\/korilu.it\/w\/?page_id=106"},"modified":"2026-03-19T21:31:29","modified_gmt":"2026-03-19T20:31:29","slug":"home-2","status":"publish","type":"page","link":"https:\/\/korilu.it\/w\/en\/home-2\/","title":{"rendered":"Home"},"content":{"rendered":"\t\t<div data-elementor-type=\"wp-page\" data-elementor-id=\"106\" class=\"elementor elementor-106\" data-elementor-post-type=\"page\">\n\t\t\t\t<div class=\"elementor-element elementor-element-582501b elementor-hidden-mobile e-flex e-con-boxed e-con e-parent\" data-id=\"582501b\" data-element_type=\"container\" data-e-type=\"container\">\n\t\t\t\t\t<div class=\"e-con-inner\">\n\t\t<div class=\"elementor-element elementor-element-5f15fee e-grid e-con-full e-con e-child\" data-id=\"5f15fee\" data-element_type=\"container\" data-e-type=\"container\">\n\t\t\t\t<div class=\"elementor-element elementor-element-dfe8cdb elementor-widget elementor-widget-image\" data-id=\"dfe8cdb\" data-element_type=\"widget\" data-e-type=\"widget\" data-widget_type=\"image.default\">\n\t\t\t\t\t\t\t\t\t\t\t\t\t\t\t<img fetchpriority=\"high\" decoding=\"async\" width=\"1024\" height=\"571\" src=\"https:\/\/korilu.it\/w\/wp-content\/uploads\/2026\/01\/Homepage_RealizziamoIdee_EN-scaled.png\" class=\"attachment-large size-large wp-image-66\" alt=\"\" srcset=\"https:\/\/korilu.it\/w\/wp-content\/uploads\/2026\/01\/Homepage_RealizziamoIdee_EN-scaled.png 2560w, https:\/\/korilu.it\/w\/wp-content\/uploads\/2026\/01\/Homepage_RealizziamoIdee_EN-600x335.png 600w\" sizes=\"(max-width: 1024px) 100vw, 1024px\" \/>\t\t\t\t\t\t\t\t\t\t\t\t\t\t\t<\/div>\n\t\t\t\t<div class=\"elementor-element elementor-element-7618d3e elementor-widget elementor-widget-image\" data-id=\"7618d3e\" data-element_type=\"widget\" data-e-type=\"widget\" data-widget_type=\"image.default\">\n\t\t\t\t\t\t\t\t\t\t\t\t\t\t\t<img decoding=\"async\" width=\"1024\" height=\"571\" src=\"https:\/\/korilu.it\/w\/wp-content\/uploads\/2026\/01\/Homepage_Congressi_EN-scaled.png\" class=\"attachment-large size-large wp-image-74\" alt=\"\" srcset=\"https:\/\/korilu.it\/w\/wp-content\/uploads\/2026\/01\/Homepage_Congressi_EN-scaled.png 2560w, https:\/\/korilu.it\/w\/wp-content\/uploads\/2026\/01\/Homepage_Congressi_EN-600x335.png 600w\" sizes=\"(max-width: 1024px) 100vw, 1024px\" \/>\t\t\t\t\t\t\t\t\t\t\t\t\t\t\t<\/div>\n\t\t\t\t<div class=\"elementor-element elementor-element-3d536f2 elementor-widget elementor-widget-image\" data-id=\"3d536f2\" data-element_type=\"widget\" data-e-type=\"widget\" data-widget_type=\"image.default\">\n\t\t\t\t\t\t\t\t\t\t\t\t\t\t\t<img decoding=\"async\" width=\"1024\" height=\"576\" src=\"https:\/\/korilu.it\/w\/wp-content\/uploads\/2026\/01\/Homepage_Viaggi_EN-scaled.png\" class=\"attachment-large size-large wp-image-70\" alt=\"\" srcset=\"https:\/\/korilu.it\/w\/wp-content\/uploads\/2026\/01\/Homepage_Viaggi_EN-scaled.png 2560w, https:\/\/korilu.it\/w\/wp-content\/uploads\/2026\/01\/Homepage_Viaggi_EN-600x338.png 600w\" sizes=\"(max-width: 1024px) 100vw, 1024px\" \/>\t\t\t\t\t\t\t\t\t\t\t\t\t\t\t<\/div>\n\t\t\t\t<\/div>\n\t\t\t\t\t<\/div>\n\t\t\t\t<\/div>\n\t\t<div class=\"elementor-element elementor-element-0391289 elementor-hidden-desktop elementor-hidden-tablet e-flex e-con-boxed e-con e-parent\" data-id=\"0391289\" data-element_type=\"container\" data-e-type=\"container\">\n\t\t\t\t\t<div class=\"e-con-inner\">\n\t\t<div class=\"elementor-element elementor-element-73079ca e-grid e-con-full e-con e-child\" data-id=\"73079ca\" data-element_type=\"container\" data-e-type=\"container\">\n\t\t\t\t<div class=\"elementor-element elementor-element-6a49a63 elementor-widget elementor-widget-image\" data-id=\"6a49a63\" data-element_type=\"widget\" data-e-type=\"widget\" data-widget_type=\"image.default\">\n\t\t\t\t\t\t\t\t\t\t\t\t\t\t\t<img loading=\"lazy\" decoding=\"async\" width=\"576\" height=\"1024\" src=\"https:\/\/korilu.it\/w\/wp-content\/uploads\/2026\/01\/Homepage_RealizziamoIdee_Mobile_EN-scaled.png\" class=\"attachment-large size-large wp-image-68\" alt=\"\" srcset=\"https:\/\/korilu.it\/w\/wp-content\/uploads\/2026\/01\/Homepage_RealizziamoIdee_Mobile_EN-scaled.png 1440w, https:\/\/korilu.it\/w\/wp-content\/uploads\/2026\/01\/Homepage_RealizziamoIdee_Mobile_EN-600x1067.png 600w\" sizes=\"(max-width: 576px) 100vw, 576px\" \/>\t\t\t\t\t\t\t\t\t\t\t\t\t\t\t<\/div>\n\t\t\t\t<div class=\"elementor-element elementor-element-c2269db elementor-widget elementor-widget-image\" data-id=\"c2269db\" data-element_type=\"widget\" data-e-type=\"widget\" data-widget_type=\"image.default\">\n\t\t\t\t\t\t\t\t\t\t\t\t\t\t\t<img loading=\"lazy\" decoding=\"async\" width=\"576\" height=\"1024\" src=\"https:\/\/korilu.it\/w\/wp-content\/uploads\/2026\/01\/Homepage_Congressi_Mobile_EN-scaled.png\" class=\"attachment-large size-large wp-image-64\" alt=\"\" srcset=\"https:\/\/korilu.it\/w\/wp-content\/uploads\/2026\/01\/Homepage_Congressi_Mobile_EN-scaled.png 1440w, https:\/\/korilu.it\/w\/wp-content\/uploads\/2026\/01\/Homepage_Congressi_Mobile_EN-600x1067.png 600w\" sizes=\"(max-width: 576px) 100vw, 576px\" \/>\t\t\t\t\t\t\t\t\t\t\t\t\t\t\t<\/div>\n\t\t\t\t<div class=\"elementor-element elementor-element-dd8bdce elementor-widget elementor-widget-image\" data-id=\"dd8bdce\" data-element_type=\"widget\" data-e-type=\"widget\" data-widget_type=\"image.default\">\n\t\t\t\t\t\t\t\t\t\t\t\t\t\t\t<img loading=\"lazy\" decoding=\"async\" width=\"576\" height=\"1024\" src=\"https:\/\/korilu.it\/w\/wp-content\/uploads\/2026\/01\/Homepage_Viaggi_Mobile_EN-scaled.png\" class=\"attachment-large size-large wp-image-72\" alt=\"\" srcset=\"https:\/\/korilu.it\/w\/wp-content\/uploads\/2026\/01\/Homepage_Viaggi_Mobile_EN-scaled.png 1440w, https:\/\/korilu.it\/w\/wp-content\/uploads\/2026\/01\/Homepage_Viaggi_Mobile_EN-600x1067.png 600w\" sizes=\"(max-width: 576px) 100vw, 576px\" \/>\t\t\t\t\t\t\t\t\t\t\t\t\t\t\t<\/div>\n\t\t\t\t<\/div>\n\t\t\t\t\t<\/div>\n\t\t\t\t<\/div>\n\t\t<div class=\"elementor-element elementor-element-17ef929 e-flex e-con-boxed e-con e-parent\" data-id=\"17ef929\" data-element_type=\"container\" data-e-type=\"container\">\n\t\t\t\t\t<div class=\"e-con-inner\">\n\t\t\t\t<div class=\"elementor-element elementor-element-2e5244c elementor-widget elementor-widget-heading\" data-id=\"2e5244c\" data-element_type=\"widget\" data-e-type=\"widget\" data-widget_type=\"heading.default\">\n\t\t\t\t\t<h2 class=\"elementor-heading-title elementor-size-default\">Last congresses:<\/h2>\t\t\t\t<\/div>\n\t\t\t\t\t<\/div>\n\t\t\t\t<\/div>\n\t\t<div class=\"elementor-element elementor-element-50938f3 e-flex e-con-boxed e-con e-parent\" data-id=\"50938f3\" data-element_type=\"container\" data-e-type=\"container\">\n\t\t\t\t\t<div class=\"e-con-inner\">\n\t\t\t\t<div class=\"elementor-element elementor-element-4133a46 elementor-grid-3 elementor-grid-tablet-2 elementor-grid-mobile-1 elementor-posts--thumbnail-top elementor-widget elementor-widget-global elementor-global-528 elementor-widget-posts\" data-id=\"4133a46\" data-element_type=\"widget\" data-e-type=\"widget\" data-settings=\"{&quot;classic_masonry&quot;:&quot;yes&quot;,&quot;classic_columns&quot;:&quot;3&quot;,&quot;classic_columns_tablet&quot;:&quot;2&quot;,&quot;classic_columns_mobile&quot;:&quot;1&quot;,&quot;classic_row_gap&quot;:{&quot;unit&quot;:&quot;px&quot;,&quot;size&quot;:35,&quot;sizes&quot;:[]},&quot;classic_row_gap_tablet&quot;:{&quot;unit&quot;:&quot;px&quot;,&quot;size&quot;:&quot;&quot;,&quot;sizes&quot;:[]},&quot;classic_row_gap_mobile&quot;:{&quot;unit&quot;:&quot;px&quot;,&quot;size&quot;:&quot;&quot;,&quot;sizes&quot;:[]}}\" data-widget_type=\"posts.classic\">\n\t\t\t\t<div class=\"elementor-widget-container\">\n\t\t\t\t\t\t\t<div class=\"elementor-posts-container elementor-posts elementor-posts--skin-classic elementor-grid\" role=\"list\">\n\t\t\t\t<article class=\"elementor-post elementor-grid-item post-1994 post type-post status-publish format-standard has-post-thumbnail hentry category-congressi tag-idbn-it tag-v-idbn-national-congress-it\" role=\"listitem\">\n\t\t\t\t<a class=\"elementor-post__thumbnail__link\" href=\"https:\/\/korilu.it\/w\/v-idbn-national-congress-2026\/\" tabindex=\"-1\" >\n\t\t\t<div class=\"elementor-post__thumbnail\"><img loading=\"lazy\" decoding=\"async\" width=\"1024\" height=\"1536\" src=\"https:\/\/korilu.it\/w\/wp-content\/uploads\/2026\/04\/nettuno-di-ferro.jpeg\" class=\"attachment-full size-full wp-image-1996\" alt=\"\" srcset=\"https:\/\/korilu.it\/w\/wp-content\/uploads\/2026\/04\/nettuno-di-ferro.jpeg 1024w, https:\/\/korilu.it\/w\/wp-content\/uploads\/2026\/04\/nettuno-di-ferro-200x300.jpeg 200w, https:\/\/korilu.it\/w\/wp-content\/uploads\/2026\/04\/nettuno-di-ferro-683x1024.jpeg 683w, https:\/\/korilu.it\/w\/wp-content\/uploads\/2026\/04\/nettuno-di-ferro-768x1152.jpeg 768w, https:\/\/korilu.it\/w\/wp-content\/uploads\/2026\/04\/nettuno-di-ferro-600x900.jpeg 600w\" sizes=\"(max-width: 1024px) 100vw, 1024px\" \/><\/div>\n\t\t<\/a>\n\t\t\t\t<div class=\"elementor-post__text\">\n\t\t\t\t<h3 class=\"elementor-post__title\">\n\t\t\t<a href=\"https:\/\/korilu.it\/w\/v-idbn-national-congress-2026\/\" >\n\t\t\t\tV IDBN National Congress 2026\t\t\t<\/a>\n\t\t<\/h3>\n\t\t\t\t<div class=\"elementor-post__excerpt\">\n\t\t\t<p><font color=\"red\"><b>SAVE THE DATE<\/b><\/font><br \/>\n<i>Sulla scia del successo dei quattro precedenti congressi nazionali, anche l\u2019edizione del 2026, dal 6 al 7 novembre a Bologna, sar\u00e0 occasione d\u2019incontro e confronto tra leader ed esperti del settore provenienti da tutta Italia nonch\u00e9 dall\u2019estero. Gli obiettivi del congresso sono quelli di condividere gli ultimi sviluppi della ricerca in merito al 3D printing e alle relative evidenze in campo applicativo sia pre-clinico che clinico, e di diffondere ulteriormente le conoscenze di tale metodica affrontando tematiche regolatorie-organizzative in aggiunta a quelle puramente tecnico-strumentali.<\/i><br \/>\n<b>Presidente del Corso: <\/b><br \/>\nGiovanni Badiali<br \/>\n<b>Vice Presidente del Corso: <\/b>Maria Livia Rizzo<br \/>\n<b>Coordinatori del Corso: <\/b>Claudio Belvedere, Laura Cercenelli<br \/>\n<b>Date: <\/b> 06-07 Novembre 2026<br \/>\n<b>City: <\/b>Bologna, Italy<br \/>\n<b>Location: <\/b>Auditorium Biagi, SalaBorsa<\/p>\n\t\t<\/div>\n\t\t\n\t\t<a class=\"elementor-post__read-more\" href=\"https:\/\/korilu.it\/w\/v-idbn-national-congress-2026\/\" aria-label=\"Leggi tutto V IDBN National Congress 2026\" tabindex=\"-1\" >\n\t\t\tMore Info and Registration Form \u00bb\t\t<\/a>\n\n\t\t\t\t<\/div>\n\t\t\t\t<\/article>\n\t\t\t\t<article class=\"elementor-post elementor-grid-item post-1970 post type-post status-publish format-standard has-post-thumbnail hentry category-congressi\" role=\"listitem\">\n\t\t\t\t<a class=\"elementor-post__thumbnail__link\" href=\"https:\/\/korilu.it\/w\/i-edizione-giornate-centesi-di-medicina-interna-e-gastroenterologia-2\/\" tabindex=\"-1\" >\n\t\t\t<div class=\"elementor-post__thumbnail\"><img loading=\"lazy\" decoding=\"async\" width=\"1058\" height=\"595\" src=\"https:\/\/korilu.it\/w\/wp-content\/uploads\/2026\/03\/immagine.jpg\" class=\"attachment-full size-full wp-image-1974\" alt=\"\" srcset=\"https:\/\/korilu.it\/w\/wp-content\/uploads\/2026\/03\/immagine.jpg 1058w, https:\/\/korilu.it\/w\/wp-content\/uploads\/2026\/03\/immagine-300x169.jpg 300w, https:\/\/korilu.it\/w\/wp-content\/uploads\/2026\/03\/immagine-1024x576.jpg 1024w, https:\/\/korilu.it\/w\/wp-content\/uploads\/2026\/03\/immagine-768x432.jpg 768w, https:\/\/korilu.it\/w\/wp-content\/uploads\/2026\/03\/immagine-600x337.jpg 600w\" sizes=\"(max-width: 1058px) 100vw, 1058px\" \/><\/div>\n\t\t<\/a>\n\t\t\t\t<div class=\"elementor-post__text\">\n\t\t\t\t<h3 class=\"elementor-post__title\">\n\t\t\t<a href=\"https:\/\/korilu.it\/w\/i-edizione-giornate-centesi-di-medicina-interna-e-gastroenterologia-2\/\" >\n\t\t\t\tII\u00b0 edizione Giornate Centesi di Medicina Interna e Gastroenterologia\t\t\t<\/a>\n\t\t<\/h3>\n\t\t\t\t<div class=\"elementor-post__excerpt\">\n\t\t\t<p><font color=\"red\"><b>II Edizione Giornate Centesi<\/b><\/font><br \/>\n<i>La prima parte del congresso verter\u00e0 sulle patologie infiammatorie intestinali. esempio patognomonico della cronicit\u00e0 in gastroenterologia, ma anche della complessit\u00e0 gestionale diagnostica e d\u2019impiego di target therapies, che combinano la ricerca di base a quella clinica, nell\u2019attuazione di protocolli terapeutici complessi. Il congresso preveder\u00e0 sessioni in cui verranno esplorate tematiche innovative che vanno dalle patologie funzionali del tratto gastroenterico e molte altre condizioni cliniche spesso osservate nella pratica quotidiana dell\u2019internista- gastroenterologo.<br \/>\n<\/i><br \/>\n<b>Presidente: <\/b><br \/>\nRoberto De Giorgio, Giorgio Zoli<br \/>\n<b>Data: <\/b><br \/>\n19\/20 Novembre 2026<br \/>\n<b>Citt\u00e0: <\/b><br \/>\nCento <br \/>\n<b>Luogo: <\/b><br \/>\nSalone di Rapprensentanza Credem Banca<\/p>\n\t\t<\/div>\n\t\t\n\t\t<a class=\"elementor-post__read-more\" href=\"https:\/\/korilu.it\/w\/i-edizione-giornate-centesi-di-medicina-interna-e-gastroenterologia-2\/\" aria-label=\"Leggi tutto II\u00b0 edizione Giornate Centesi di Medicina Interna e Gastroenterologia\" tabindex=\"-1\" >\n\t\t\tMore Info and Registration Form \u00bb\t\t<\/a>\n\n\t\t\t\t<\/div>\n\t\t\t\t<\/article>\n\t\t\t\t<article class=\"elementor-post elementor-grid-item post-1961 post type-post status-publish format-standard has-post-thumbnail hentry category-congressi\" role=\"listitem\">\n\t\t\t\t<a class=\"elementor-post__thumbnail__link\" href=\"https:\/\/korilu.it\/w\/cardiobaggiovara-4-ed-update-in-endocardite-e-cardiomiopatie-2\/\" tabindex=\"-1\" >\n\t\t\t<div class=\"elementor-post__thumbnail\"><img loading=\"lazy\" decoding=\"async\" width=\"225\" height=\"225\" src=\"https:\/\/korilu.it\/w\/wp-content\/uploads\/2026\/03\/cuore_cardiologiapertarga.jpg\" class=\"attachment-full size-full wp-image-1962\" alt=\"\" srcset=\"https:\/\/korilu.it\/w\/wp-content\/uploads\/2026\/03\/cuore_cardiologiapertarga.jpg 225w, https:\/\/korilu.it\/w\/wp-content\/uploads\/2026\/03\/cuore_cardiologiapertarga-150x150.jpg 150w, https:\/\/korilu.it\/w\/wp-content\/uploads\/2026\/03\/cuore_cardiologiapertarga-100x100.jpg 100w\" sizes=\"(max-width: 225px) 100vw, 225px\" \/><\/div>\n\t\t<\/a>\n\t\t\t\t<div class=\"elementor-post__text\">\n\t\t\t\t<h3 class=\"elementor-post__title\">\n\t\t\t<a href=\"https:\/\/korilu.it\/w\/cardiobaggiovara-4-ed-update-in-endocardite-e-cardiomiopatie-2\/\" >\n\t\t\t\tCardioBaggiovara 5\u00b0 edizione\t\t\t<\/a>\n\t\t<\/h3>\n\t\t\t\t<div class=\"elementor-post__excerpt\">\n\t\t\t<p><font color=\"red\"><b>Cardiobaggiovara V Edizione<\/b><\/font><br \/>\n<i>Il convegno affronta temi centrali della cardiologia moderna. Sar\u00e0 l\u2019occasione per aggiornamenti clinici e terapeutici, con particolare attenzione all\u2019approccio multidisciplinare e alla condivisione di esperienze e modelli organizzativi tra diverse realt\u00e0 ospedaliere.<\/i><br \/>\n<b>Presidente: <\/b> Mauro Zennaro<br \/>\n<b>Data: <\/b> 09 Ottobre 2026 <br \/>\n<b>Citt\u00e0: <\/b> Modena<br \/>\n<b>Luogo: <\/b> Hotel RMH Raffaello<\/p>\n\t\t<\/div>\n\t\t\n\t\t<a class=\"elementor-post__read-more\" href=\"https:\/\/korilu.it\/w\/cardiobaggiovara-4-ed-update-in-endocardite-e-cardiomiopatie-2\/\" aria-label=\"Leggi tutto CardioBaggiovara 5\u00b0 edizione\" tabindex=\"-1\" >\n\t\t\tMore Info and Registration Form \u00bb\t\t<\/a>\n\n\t\t\t\t<\/div>\n\t\t\t\t<\/article>\n\t\t\t\t<\/div>\n\t\t\n\t\t\t\t\t\t<\/div>\n\t\t\t\t<\/div>\n\t\t\t\t<div class=\"elementor-element elementor-element-09e8374 elementor-widget elementor-widget-image\" data-id=\"09e8374\" data-element_type=\"widget\" data-e-type=\"widget\" data-widget_type=\"image.default\">\n\t\t\t\t\t\t\t\t\t\t\t\t\t\t\t<img loading=\"lazy\" decoding=\"async\" width=\"300\" height=\"97\" src=\"https:\/\/korilu.it\/w\/wp-content\/uploads\/2026\/01\/explore-the-congresses-scaled.png\" class=\"attachment-medium size-medium wp-image-109\" alt=\"\" srcset=\"https:\/\/korilu.it\/w\/wp-content\/uploads\/2026\/01\/explore-the-congresses-scaled.png 2560w, https:\/\/korilu.it\/w\/wp-content\/uploads\/2026\/01\/explore-the-congresses-600x195.png 600w\" sizes=\"(max-width: 300px) 100vw, 300px\" \/>\t\t\t\t\t\t\t\t\t\t\t\t\t\t\t<\/div>\n\t\t\t\t\t<\/div>\n\t\t\t\t<\/div>\n\t\t\t\t<\/div>\n\t\t","protected":false},"excerpt":{"rendered":"<p>Last congresses:<\/p>\n","protected":false},"author":3,"featured_media":0,"parent":0,"menu_order":0,"comment_status":"closed","ping_status":"closed","template":"","meta":{"site-sidebar-layout":"no-sidebar","site-content-layout":"","ast-site-content-layout":"full-width-container","site-content-style":"default","site-sidebar-style":"default","ast-global-header-display":"","ast-banner-title-visibility":"","ast-main-header-display":"","ast-hfb-above-header-display":"","ast-hfb-below-header-display":"","ast-hfb-mobile-header-display":"","site-post-title":"disabled","ast-breadcrumbs-content":"","ast-featured-img":"disabled","footer-sml-layout":"","ast-disable-related-posts":"","theme-transparent-header-meta":"","adv-header-id-meta":"","stick-header-meta":"","header-above-stick-meta":"","header-main-stick-meta":"","header-below-stick-meta":"","astra-migrate-meta-layouts":"default","ast-page-background-enabled":"default","ast-page-background-meta":{"desktop":{"background-color":"var(--ast-global-color-5)","background-image":"","background-repeat":"repeat","background-position":"center center","background-size":"auto","background-attachment":"scroll","background-type":"","background-media":"","overlay-type":"","overlay-color":"","overlay-opacity":"","overlay-gradient":""},"tablet":{"background-color":"","background-image":"","background-repeat":"repeat","background-position":"center center","background-size":"auto","background-attachment":"scroll","background-type":"","background-media":"","overlay-type":"","overlay-color":"","overlay-opacity":"","overlay-gradient":""},"mobile":{"background-color":"","background-image":"","background-repeat":"repeat","background-position":"center center","background-size":"auto","background-attachment":"scroll","background-type":"","background-media":"","overlay-type":"","overlay-color":"","overlay-opacity":"","overlay-gradient":""}},"ast-content-background-meta":{"desktop":{"background-color":"var(--ast-global-color-4)","background-image":"","background-repeat":"repeat","background-position":"center center","background-size":"auto","background-attachment":"scroll","background-type":"","background-media":"","overlay-type":"","overlay-color":"","overlay-opacity":"","overlay-gradient":""},"tablet":{"background-color":"var(--ast-global-color-4)","background-image":"","background-repeat":"repeat","background-position":"center center","background-size":"auto","background-attachment":"scroll","background-type":"","background-media":"","overlay-type":"","overlay-color":"","overlay-opacity":"","overlay-gradient":""},"mobile":{"background-color":"var(--ast-global-color-4)","background-image":"","background-repeat":"repeat","background-position":"center center","background-size":"auto","background-attachment":"scroll","background-type":"","background-media":"","overlay-type":"","overlay-color":"","overlay-opacity":"","overlay-gradient":""}},"footnotes":""},"class_list":["post-106","page","type-page","status-publish","hentry"],"_links":{"self":[{"href":"https:\/\/korilu.it\/w\/wp-json\/wp\/v2\/pages\/106","targetHints":{"allow":["GET"]}}],"collection":[{"href":"https:\/\/korilu.it\/w\/wp-json\/wp\/v2\/pages"}],"about":[{"href":"https:\/\/korilu.it\/w\/wp-json\/wp\/v2\/types\/page"}],"author":[{"embeddable":true,"href":"https:\/\/korilu.it\/w\/wp-json\/wp\/v2\/users\/3"}],"replies":[{"embeddable":true,"href":"https:\/\/korilu.it\/w\/wp-json\/wp\/v2\/comments?post=106"}],"version-history":[{"count":19,"href":"https:\/\/korilu.it\/w\/wp-json\/wp\/v2\/pages\/106\/revisions"}],"predecessor-version":[{"id":1514,"href":"https:\/\/korilu.it\/w\/wp-json\/wp\/v2\/pages\/106\/revisions\/1514"}],"wp:attachment":[{"href":"https:\/\/korilu.it\/w\/wp-json\/wp\/v2\/media?parent=106"}],"curies":[{"name":"wp","href":"https:\/\/api.w.org\/{rel}","templated":true}]}}