{"id":142,"date":"2026-01-13T16:00:07","date_gmt":"2026-01-13T15:00:07","guid":{"rendered":"https:\/\/korilu.it\/w\/?page_id=142"},"modified":"2026-01-13T16:01:27","modified_gmt":"2026-01-13T15:01:27","slug":"fatturazione-elettronica","status":"publish","type":"page","link":"https:\/\/korilu.it\/w\/fatturazione-elettronica\/","title":{"rendered":"Fatturazione elettronica"},"content":{"rendered":"\t\t<div data-elementor-type=\"wp-page\" data-elementor-id=\"142\" class=\"elementor elementor-142\" data-elementor-post-type=\"page\">\n\t\t\t\t<div class=\"elementor-element elementor-element-311a4f1 e-flex e-con-boxed e-con e-parent\" data-id=\"311a4f1\" data-element_type=\"container\" data-e-type=\"container\">\n\t\t\t\t\t<div class=\"e-con-inner\">\n\t\t\t\t<div class=\"elementor-element elementor-element-7e551c8 elementor-widget elementor-widget-image\" data-id=\"7e551c8\" data-element_type=\"widget\" data-e-type=\"widget\" data-widget_type=\"image.default\">\n\t\t\t\t\t\t\t\t\t\t\t\t\t\t\t<img fetchpriority=\"high\" decoding=\"async\" width=\"1024\" height=\"576\" src=\"https:\/\/korilu.it\/w\/wp-content\/uploads\/2026\/01\/fatturazioen-elettronica.png\" class=\"attachment-large size-large wp-image-144\" alt=\"\" srcset=\"https:\/\/korilu.it\/w\/wp-content\/uploads\/2026\/01\/fatturazioen-elettronica.png 2002w, https:\/\/korilu.it\/w\/wp-content\/uploads\/2026\/01\/fatturazioen-elettronica-600x337.png 600w\" sizes=\"(max-width: 1024px) 100vw, 1024px\" \/>\t\t\t\t\t\t\t\t\t\t\t\t\t\t\t<\/div>\n\t\t\t\t\t<\/div>\n\t\t\t\t<\/div>\n\t\t<div class=\"elementor-element elementor-element-7760c04 e-flex e-con-boxed e-con e-parent\" data-id=\"7760c04\" data-element_type=\"container\" data-e-type=\"container\">\n\t\t\t\t\t<div class=\"e-con-inner\">\n\t\t\t\t<div class=\"elementor-element elementor-element-622cd0d elementor-widget elementor-widget-text-editor\" data-id=\"622cd0d\" data-element_type=\"widget\" data-e-type=\"widget\" data-widget_type=\"text-editor.default\">\n\t\t\t\t\t\t\t\t\t<div class=\"wppb-builder-addon wppb-addon-1603016681462\" data-addon-id=\"1603016681462\"><div class=\"wppb-addon\"><div class=\"wppb-text-block-addon\"><div class=\"wppb-text-block-content 0\"><p>La fatturazione elettronica \u00e8 un sistema digitale di\u00a0<strong>emissione<\/strong>,\u00a0<strong>trasmissione<\/strong>\u00a0e\u00a0<strong>conservazione\u00a0<\/strong>delle fatture che permette di abbandonare per sempre il supporto cartaceo e tutti i relativi costi di stampa spedizione e conservazione.<\/p><p>Dal 01 Gennaio 2019 anche la nostra societ\u00e0 \u00e8 soggetta all&#8217;obbligo di fatturazione elettronica pertanto \u00e8 necessario comunicare al proprio fornitore un\u00a0<strong>codice<\/strong>\u00a0<strong>univoco<\/strong>\u00a0composto da lettere e numeri,\u00a0<em>codice ufficio per la fatturazione elettronica,<\/em>\u00a0<strong>chiamato codice<\/strong>\u00a0<strong>univoco<\/strong><\/p><p>Questo codice\u00a0<strong>deve essere riportato nella fattura elettronica<\/strong>\u00a0insieme a Partita IVA, indirizzo, data del documento e tutti gli altri dati rilevanti ai fini fiscali. Una volta compilata, la fattura deve essere firmata digitalmente dal soggetto emittente.<\/p><p>Il nostro Codice Univoco \u00e8:<\/p><\/div><\/div><\/div><\/div><div class=\"wppb-builder-addon wppb-addon-1665941972556\" data-addon-id=\"1665941972556\"><div class=\"wppb-addon\"><div class=\"wppb-text-block-addon\"><div class=\"wppb-text-block-content 0\"><h2><strong>KRRH6B9<\/strong><\/h2><\/div><\/div><\/div><\/div>\t\t\t\t\t\t\t\t<\/div>\n\t\t\t\t\t<\/div>\n\t\t\t\t<\/div>\n\t\t\t\t<\/div>\n\t\t","protected":false},"excerpt":{"rendered":"<p>La fatturazione elettronica \u00e8 un sistema digitale di\u00a0emissione,\u00a0trasmissione\u00a0e\u00a0conservazione\u00a0delle fatture che permette di abbandonare per sempre il supporto cartaceo e tutti [&hellip;]<\/p>\n","protected":false},"author":3,"featured_media":0,"parent":0,"menu_order":0,"comment_status":"closed","ping_status":"closed","template":"","meta":{"site-sidebar-layout":"no-sidebar","site-content-layout":"","ast-site-content-layout":"full-width-container","site-content-style":"default","site-sidebar-style":"default","ast-global-header-display":"","ast-banner-title-visibility":"","ast-main-header-display":"","ast-hfb-above-header-display":"","ast-hfb-below-header-display":"","ast-hfb-mobile-header-display":"","site-post-title":"disabled","ast-breadcrumbs-content":"","ast-featured-img":"disabled","footer-sml-layout":"","ast-disable-related-posts":"","theme-transparent-header-meta":"","adv-header-id-meta":"","stick-header-meta":"","header-above-stick-meta":"","header-main-stick-meta":"","header-below-stick-meta":"","astra-migrate-meta-layouts":"default","ast-page-background-enabled":"default","ast-page-background-meta":{"desktop":{"background-color":"var(--ast-global-color-5)","background-image":"","background-repeat":"repeat","background-position":"center center","background-size":"auto","background-attachment":"scroll","background-type":"","background-media":"","overlay-type":"","overlay-color":"","overlay-opacity":"","overlay-gradient":""},"tablet":{"background-color":"","background-image":"","background-repeat":"repeat","background-position":"center center","background-size":"auto","background-attachment":"scroll","background-type":"","background-media":"","overlay-type":"","overlay-color":"","overlay-opacity":"","overlay-gradient":""},"mobile":{"background-color":"","background-image":"","background-repeat":"repeat","background-position":"center center","background-size":"auto","background-attachment":"scroll","background-type":"","background-media":"","overlay-type":"","overlay-color":"","overlay-opacity":"","overlay-gradient":""}},"ast-content-background-meta":{"desktop":{"background-color":"var(--ast-global-color-4)","background-image":"","background-repeat":"repeat","background-position":"center center","background-size":"auto","background-attachment":"scroll","background-type":"","background-media":"","overlay-type":"","overlay-color":"","overlay-opacity":"","overlay-gradient":""},"tablet":{"background-color":"var(--ast-global-color-4)","background-image":"","background-repeat":"repeat","background-position":"center center","background-size":"auto","background-attachment":"scroll","background-type":"","background-media":"","overlay-type":"","overlay-color":"","overlay-opacity":"","overlay-gradient":""},"mobile":{"background-color":"var(--ast-global-color-4)","background-image":"","background-repeat":"repeat","background-position":"center center","background-size":"auto","background-attachment":"scroll","background-type":"","background-media":"","overlay-type":"","overlay-color":"","overlay-opacity":"","overlay-gradient":""}},"footnotes":""},"class_list":["post-142","page","type-page","status-publish","hentry"],"_links":{"self":[{"href":"https:\/\/korilu.it\/w\/wp-json\/wp\/v2\/pages\/142","targetHints":{"allow":["GET"]}}],"collection":[{"href":"https:\/\/korilu.it\/w\/wp-json\/wp\/v2\/pages"}],"about":[{"href":"https:\/\/korilu.it\/w\/wp-json\/wp\/v2\/types\/page"}],"author":[{"embeddable":true,"href":"https:\/\/korilu.it\/w\/wp-json\/wp\/v2\/users\/3"}],"replies":[{"embeddable":true,"href":"https:\/\/korilu.it\/w\/wp-json\/wp\/v2\/comments?post=142"}],"version-history":[{"count":4,"href":"https:\/\/korilu.it\/w\/wp-json\/wp\/v2\/pages\/142\/revisions"}],"predecessor-version":[{"id":147,"href":"https:\/\/korilu.it\/w\/wp-json\/wp\/v2\/pages\/142\/revisions\/147"}],"wp:attachment":[{"href":"https:\/\/korilu.it\/w\/wp-json\/wp\/v2\/media?parent=142"}],"curies":[{"name":"wp","href":"https:\/\/api.w.org\/{rel}","templated":true}]}}