{"id":149,"date":"2026-01-13T16:02:24","date_gmt":"2026-01-13T15:02:24","guid":{"rendered":"https:\/\/korilu.it\/w\/?page_id=149"},"modified":"2026-01-13T16:04:13","modified_gmt":"2026-01-13T15:04:13","slug":"termini-e-condizioni","status":"publish","type":"page","link":"https:\/\/korilu.it\/w\/termini-e-condizioni\/","title":{"rendered":"Termini e Condizioni"},"content":{"rendered":"\t\t<div data-elementor-type=\"wp-page\" data-elementor-id=\"149\" class=\"elementor elementor-149\" data-elementor-post-type=\"page\">\n\t\t\t\t<div class=\"elementor-element elementor-element-f801788 e-flex e-con-boxed e-con e-parent\" data-id=\"f801788\" data-element_type=\"container\" data-e-type=\"container\">\n\t\t\t\t\t<div class=\"e-con-inner\">\n\t\t\t\t<div class=\"elementor-element elementor-element-ac78dfb elementor-widget elementor-widget-text-editor\" data-id=\"ac78dfb\" data-element_type=\"widget\" data-e-type=\"widget\" data-widget_type=\"text-editor.default\">\n\t\t\t\t\t\t\t\t\t<div class=\"wppb-row-parent wppb-row-1603016786930 \"><div class=\"wppb-container \"><div class=\"wppb-row\"><div class=\"wppb-column-parent wppb-column-parent-view wppb-col-1603016786933 \"><div class=\"wppb-column\"><div class=\"wppb-builder-addons\"><div class=\"wppb-builder-addon wppb-addon-1603016786934\" data-addon-id=\"1603016786934\"><div class=\"wppb-addon\"><div class=\"wppb-text-block-addon\"><div class=\"wppb-text-block-content 0\"><p class=\"Default\" align=\"center\"><strong>TERMINI E CONDIZIONI<\/strong><\/p><p class=\"Default\" align=\"center\"><strong>DI UTILIZZO DEI SERVIZI<\/strong><\/p><p class=\"Default\" align=\"center\"><em><span lang=\"DE\">(ART. 13 e 14 REG.\u00a0<\/span>UE 2016\/679)<\/em><\/p><\/div><\/div><\/div><\/div><\/div><\/div><\/div><div class=\"wppb-column-parent wppb-column-parent-view wppb-col-1603016786935 \"><div class=\"wppb-column\"><div class=\"wppb-builder-addons\">\u00a0<\/div><\/div><\/div><\/div><\/div><\/div><div class=\"wppb-row-parent wppb-row-1603016786936 \"><div class=\"wppb-container \"><div class=\"wppb-row\"><div class=\"wppb-column-parent wppb-column-parent-view wppb-col-1603016786937 \"><div class=\"wppb-column\"><div class=\"wppb-builder-addons\"><div class=\"wppb-builder-addon wppb-addon-1603016786938\" data-addon-id=\"1603016786938\"><div class=\"wppb-addon\"><div class=\"wppb-headline-addon\"><div class=\"wppb-headline-content\"><h2 class=\"wppb-addon-title\">Termini e Condizioni dei Servizi<\/h2><\/div><\/div><\/div><\/div><\/div><\/div><\/div><\/div><\/div><\/div><div class=\"wppb-row-parent wppb-row-1603016786939 \"><div class=\"wppb-container \"><div class=\"wppb-row\"><div class=\"wppb-column-parent wppb-column-parent-view wppb-col-1603016786940 \"><div class=\"wppb-column\"><div class=\"wppb-builder-addons\"><div class=\"wppb-builder-addon wppb-addon-1603016786941\" data-addon-id=\"1603016786941\"><div class=\"wppb-addon\"><div class=\"wppb-text-block-addon\">\u00a0<\/div><\/div><\/div><div class=\"wppb-builder-addon wppb-addon-1603016786942\" data-addon-id=\"1603016786942\"><div class=\"wppb-addon\"><div class=\"wppb-text-block-addon\"><div class=\"wppb-text-block-content 0\"><p><strong>Questa pagina definisce i Termini e le Condizioni nell&#8217;ambito delle quali puoi usare il portale. Si prega di leggere attentamente e, qualora non si dovesse ritenere accettabile qualcuna delle condizioni riportate, allora si \u00e8 pregati di non utilizzare il portale. Si considerer\u00e0 la sua partecipazione al sito, e la semplice navigazione tra le sue pagine come una esplicita accettazione del contenuto di questa pagina.<\/strong><\/p><p><strong>Limitazione dell&#8217;uso a scopi personali e non commerciali<\/strong><\/p><p>Questo Sito web potr\u00e0 essere utilizzato dall\u2019Utente esclusivamente per scopi personali e non commerciali. Il contenuto e le informazioni di questo Sito web (compresi, in via esemplificativa ma non limitativa, prezzi e disponibilit\u00e0 di servizi congressuali o turistici), cos\u00ec come l&#8217;infrastruttura impiegata per fornire tali contenuti e informazioni, \u00e8 di propriet\u00e0 di Koril\u00f9 srl o dei suoi fornitori e provider. Di conseguenza, l\u2019Utente si impegna, come condizione per l&#8217;utilizzo di questo Sito web, a fare un uso esclusivamente personale e non commerciale, sia direttamente sia indirettamente, del Sito web, dei suoi contenuti e delle informazioni che contiene. L\u2019Utente accetta di non modificare, copiare, distribuire, trasmettere, esporre, eseguire, riprodurre, pubblicare, concedere in licenza, cedere, vendere o rivendere le informazioni, i prodotti o i servizi ottenuti dal Sito web. Inoltre si impegna a non effettuare le seguenti operazioni, che abbiano o meno uno scopo commerciale: (1) accedere, monitorare o copiare qualsiasi contenuto o informazione di questo Sito web utilizzando strumenti automatizzati, o qualsiasi altro processo manuale per qualsiasi scopo senza espressa autorizzazione scritta di Koril\u00f9 srl; (2) violare qualsiasi restrizione relativa all&#8217;esclusione di utilizzo di robot in questo Sito web o aggirare o eludere altre misure utilizzate per prevenire o limitare l&#8217;accesso a questo Sito web; (3) eseguire operazioni che impongano o possano imporre, a discrezione di Koril\u00f9 srl, un carico irragionevole o eccessivo sull&#8217;infrastruttura di Koril\u00f9 srl<\/p><p><strong>Copyright e marchi commerciali<\/strong><\/p><p>Ogni contenuto di questo Sito web \u00e8 coperto da diritto d&#8217;autore. I marchi di Koril\u00f9 srl sono tutti marchi commerciali e marchi registrati da parte di Koril\u00f9 srl. Altri prodotti e marchi di prodotti citati nel Sito web possono essere marchi registrati dei rispettivi proprietari. Le immagini di questo Sito web sono fornite al solo scopo di essere visualizzate e non possono essere salvate o scaricate in nessun formato. Fatta eccezione per i contenuti esplicitamente scaricabili con dicitura \u201cDownload\u201d o \u201cScaricala!\u201d o traduzioni\/modifiche di esse. I file scaricabili relativi al materiale congressuale sono accessibili tramite delle credenziali d\u2019accesso, forniti al momento dell\u2019evento, e sono utilizzabili esclusivamente a scopo personale e formativo. Koril\u00f9 srl non si assume la responsabilit\u00e0 di eventuali usi illeciti dei materiali scaricati.<\/p><p><strong>Raccolta dei dati personali<\/strong><\/p><p>Il sito di Koril\u00f9 srl pu\u00f2 essere consultato senza comunicare alcun dato personale; in alcuni casi \u00e8 necessario fornire dei dati personali per poter accedere ad alcuni servizi offerti (newsletter). In questi casi vi saranno richieste le sole informazioni necessarie per poter attivare il servizio richiesto. Vi invitiamo a leggere l\u2019informativa privacy. Nel sito di Koril\u00f9 srl vengono inoltre raccolte informazioni relative a indirizzo IP, tipo di browser e sistema operativo utilizzati, nome di dominio, orari e indirizzi di siti web dai quali l\u2019utente ha effettato l\u2019accesso al sito. Tali informazioni vengono trattate da Koril\u00f9 srl in forma aggregata ed anonima per fini statistici (vedi Informativa Privacy).<\/p><p><strong>Dati relativi ai servizi offerti<\/strong><\/p><p>Koril\u00f9 srl tratta i dati personali degli utenti\/visitatori\/partecipanti dei servizi offerti, nel pieno rispetto di quanto previsto dalla normativa nazionale italiana in materia di privacy e, in particolare, del D. Lgs. 196\/2003. L\u2019accesso a particolari servizi, come ad esempio, a titolo esemplificativo ma non esaustivo, la \u00a0partecipazione ad aventi, in formato standard (in presenza) o in formato FAD (formazione a distanza), \u00e8 subordinato alla registrazione e\/o iscrizione previa comunicazione di dati personali. Contestualmente viene fornita un\u2019informativa specifica al momento della sottoscrizione dei servizi stessi. L&#8217;acquisizione dei dati, che possono essere richiesti, \u00e8 il presupposto indispensabile per accedere ai servizi offerti sul sito.<\/p><p>Koril\u00f9 srl conserva i dati tecnici relativi alle connessioni (log) per consentire i controlli di sicurezza richiesti dalla Legge e al fine di migliorare la qualit\u00e0 dei servizi offerti e personalizzarli in relazione alle esigenze degli utenti\/visitatori. I dati inseriti possono essere utilizzati da Koril\u00f9 srl anche al fine di inviare periodicamente messaggi di posta elettronica contenenti pubblicit\u00e0, materiale promozionale, iniziative promozionali, comunicazioni commerciali, previa accettazione della finalit\u00e0. I dati personali, raccolti e conservati in banche dati di Koril\u00f9 srl, sono trattati dai titolari del trattamento in qualit\u00e0 di incaricati. Non sono oggetto di diffusione o comunicazione a Terzi, se non nei casi previsti dalla informativa e\/o dalla Legge e, comunque, con le modalit\u00e0 da questa consentite. Koril\u00f9 srl provvede, in conformit\u00e0 con le vigenti disposizioni di legge in materia, alla registrazione dei file di log. Tali dati non consentono un&#8217;identificazione dell&#8217;utente se non in seguito ad una serie di operazioni di elaborazione e interconnessione, e necessariamente attraverso dati forniti da altri provider. Operazioni che potranno essere effettuate esclusivamente su richiesta delle competenti Autorit\u00e0 Giudiziarie, a ci\u00f2 autorizzate da espresse disposizioni di legge atte a prevenire e\/o reprimere i reati.<\/p><p>Specifiche misure di sicurezza sono osservate per prevenire la perdita dei dati, usi illeciti o non corretti ed accessi non autorizzati. Koril\u00f9 srl non pu\u00f2 farsi carico della responsabilit\u00e0 di qualsiasi accesso non autorizzato n\u00e9 dello smarrimento delle informazioni personali al di fuori del proprio controllo.<\/p><p><strong>Verifica dei dati personali<\/strong><\/p><p>L&#8217;interessato ha diritto di ottenere la conferma dell&#8217;esistenza o meno di dati personali che lo riguardano, anche se non ancora registrati, e la loro comunicazione in forma intelligibile. L\u2019interessato ha diritto di ottenere la verifica, conferma o modifica delle proprie informazioni personali, attraverso richiesta esplicita e formale a Koril\u00f9 srl tramite email a\u00a0<a href=\"mailto:info@korilu.it\">info@korilu.it<\/a>.<\/p><p><strong>Uso dei Cookies<\/strong><\/p><p>Vedi l\u2019informativa su\u00a0<a href=\"https:\/\/korilu.it\/w\/privacy-policy\/\">Privacy &amp; Cookie Policy<\/a><\/p><p><strong>Responsabilit\u00e0<\/strong><\/p><p>Le informazioni, i prodotti e i servizi pubblicati sul sito web possono contenere imprecisioni o errori tipografici. In particolare, e nei limiti stabiliti dalla legge applicabile, Koril\u00f9 srl non garantisce la precisione e non risponde di eventuali imprecisioni nelle informazioni e descrizioni di congressi, eventi, Hotel, vettori di trasporto aereo, marittimo o stradale o altro prodotto turistico o di viaggio esposto sul sito web (compresi, in via esemplificativa ma non limitativa, programmi dei congressi, descrizioni dei congressi, fotografie, liste di servizi alberghieri, descrizioni generali di prodotti, ecc.), informazioni in parte fornite dai rispettivi fornitori. Tutte le informazioni vengono periodicamente integrate e modificate. Koril\u00f9 srl pu\u00f2 effettuare integrazioni o modifiche al sito web in qualsiasi momento. Nei limiti stabiliti dalla legge applicabile, Koril\u00f9 srl, non risponde in alcun modo in relazione all\u2019idoneit\u00e0 per qualsiasi scopo delle informazioni, dei prodotti e dei servizi contenuti nel sito web e la presenza o l\u2019offerta di prodotti o servizi sul sito web non costituisce garanzia o raccomandazione alcuna su tali prodotti o servizi da parte di Koril\u00f9 srl. Koril\u00f9 srl declina ogni responsabilit\u00e0 per le eventuali pretese degli Utenti relative all\u2019impossibilit\u00e0 di utilizzare i Servizi e\/o il Sito per qualsiasi ragione. Koril\u00f9 srl non assume responsabilit\u00e0 per danni, pretese o perdite, dirette o indirette, derivanti agli Utenti per il mancato e\/o difettoso funzionamento del Sito o delle apparecchiature elettroniche degli Utenti stessi o di terzi, inclusi gli Internet Service Providers, di collegamenti telefonici e\/o telematici non gestiti direttamente da Koril\u00f9 srl o da persone di cui questa debba rispondere. Koril\u00f9 srl non potr\u00e0 essere ritenuta inadempiente alle proprie obbligazioni n\u00e9 responsabile dei danni conseguenti alla mancata prestazione dei Servizi o al mancato collegamento al Sito a causa dell&#8217;errato o mancato funzionamento dei mezzi elettronici di comunicazione per cause al di fuori dalla propria sfera di controllo, compresi, in via esemplificativa, indisponibilit\u00e0 delle linee di collegamento telefoniche o di altri fornitori dei servizi di rete, malfunzionamento dei calcolatori ed altri dispositivi elettronici, anche non facenti parte integrante della rete Internet, malfunzionamento dei software installati dagli Utenti, nonch\u00e9 da azioni di altri utenti o di altre persone aventi accesso alla rete. Koril\u00f9 srl si riserva in ogni tempo il diritto di disconnettere, temporaneamente o permanentemente i propri Servizi (o una qualunque loro parte). L\u2019Utente riconosce che Koril\u00f9 srl non potr\u00e0 in alcun modo essere ritenuto responsabile verso l&#8217;Utente stesso o verso terzi per la sospensione o l\u2019interruzione dei propri Servizi e\/o del Sito.<\/p><p><strong>Uso illegale o proibito<\/strong><\/p><p>Come condizione per l&#8217;uso del Sito web, l\u2019Utente garantisce a Koril\u00f9 srl che non utilizzer\u00e0 questo Sito web per scopi illegali o vietati dalle presenti condizioni.<\/p><p><strong>Collegamenti a siti di terzi<\/strong><\/p><p>Il Sito web pu\u00f2 contenere collegamenti ipertestuali (hyperlink) a siti web gestiti da terzi diversi da Koril\u00f9 srl Tali hyperlink vengono forniti solo a scopo informativo. Koril\u00f9 srl non controlla tali siti web e non \u00e8 responsabile dei relativi contenuti o del Suo uso di tali contenuti. L&#8217;inserimento da parte di Koril\u00f9 srl di hyperlink a tali siti web non implica alcuna accettazione da parte di Koril\u00f9 srl del materiale pubblicato su tali siti web o qualsiasi altra relazione tra Koril\u00f9 srl e i gestori degli stessi.<\/p><p><strong>Modifiche dei presenti termini e condizioni<\/strong><\/p><p>Koril\u00f9 srl si riserva il diritto di modificare i termini e le condizioni in base ai quali \u00e8 offerto il Sito web.<\/p><p><strong>Legge applicabile e Foro Competente<\/strong><\/p><p>Le presenti condizioni sono regolate dalla legge italiana. Per qualsiasi controversia che dovesse sorgere in relazione alla validit\u00e0, efficacia, interpretazione e all\u2019esecuzione delle presenti Condizioni sar\u00e0 competente in via esclusiva il Foro di Bologna.<\/p><p><strong>Koril\u00f9 srl \u00e8 felice di avervi nel sito e considera che la navigazione e la partecipazione avvengano nella consapevolezza della accettazione di tutto quanto precede.<\/strong><\/p><\/div><\/div><\/div><\/div><\/div><\/div><\/div><\/div><\/div><\/div>\t\t\t\t\t\t\t\t<\/div>\n\t\t\t\t\t<\/div>\n\t\t\t\t<\/div>\n\t\t\t\t<\/div>\n\t\t","protected":false},"excerpt":{"rendered":"<p>TERMINI E CONDIZIONI DI UTILIZZO DEI SERVIZI (ART. 13 e 14 REG.\u00a0UE 2016\/679) \u00a0 Termini e Condizioni dei Servizi \u00a0 [&hellip;]<\/p>\n","protected":false},"author":3,"featured_media":0,"parent":0,"menu_order":0,"comment_status":"closed","ping_status":"closed","template":"","meta":{"site-sidebar-layout":"no-sidebar","site-content-layout":"","ast-site-content-layout":"full-width-container","site-content-style":"default","site-sidebar-style":"default","ast-global-header-display":"","ast-banner-title-visibility":"","ast-main-header-display":"","ast-hfb-above-header-display":"","ast-hfb-below-header-display":"","ast-hfb-mobile-header-display":"","site-post-title":"disabled","ast-breadcrumbs-content":"","ast-featured-img":"disabled","footer-sml-layout":"","ast-disable-related-posts":"","theme-transparent-header-meta":"","adv-header-id-meta":"","stick-header-meta":"","header-above-stick-meta":"","header-main-stick-meta":"","header-below-stick-meta":"","astra-migrate-meta-layouts":"default","ast-page-background-enabled":"default","ast-page-background-meta":{"desktop":{"background-color":"var(--ast-global-color-5)","background-image":"","background-repeat":"repeat","background-position":"center center","background-size":"auto","background-attachment":"scroll","background-type":"","background-media":"","overlay-type":"","overlay-color":"","overlay-opacity":"","overlay-gradient":""},"tablet":{"background-color":"","background-image":"","background-repeat":"repeat","background-position":"center center","background-size":"auto","background-attachment":"scroll","background-type":"","background-media":"","overlay-type":"","overlay-color":"","overlay-opacity":"","overlay-gradient":""},"mobile":{"background-color":"","background-image":"","background-repeat":"repeat","background-position":"center center","background-size":"auto","background-attachment":"scroll","background-type":"","background-media":"","overlay-type":"","overlay-color":"","overlay-opacity":"","overlay-gradient":""}},"ast-content-background-meta":{"desktop":{"background-color":"var(--ast-global-color-4)","background-image":"","background-repeat":"repeat","background-position":"center center","background-size":"auto","background-attachment":"scroll","background-type":"","background-media":"","overlay-type":"","overlay-color":"","overlay-opacity":"","overlay-gradient":""},"tablet":{"background-color":"var(--ast-global-color-4)","background-image":"","background-repeat":"repeat","background-position":"center center","background-size":"auto","background-attachment":"scroll","background-type":"","background-media":"","overlay-type":"","overlay-color":"","overlay-opacity":"","overlay-gradient":""},"mobile":{"background-color":"var(--ast-global-color-4)","background-image":"","background-repeat":"repeat","background-position":"center center","background-size":"auto","background-attachment":"scroll","background-type":"","background-media":"","overlay-type":"","overlay-color":"","overlay-opacity":"","overlay-gradient":""}},"footnotes":""},"class_list":["post-149","page","type-page","status-publish","hentry"],"_links":{"self":[{"href":"https:\/\/korilu.it\/w\/wp-json\/wp\/v2\/pages\/149","targetHints":{"allow":["GET"]}}],"collection":[{"href":"https:\/\/korilu.it\/w\/wp-json\/wp\/v2\/pages"}],"about":[{"href":"https:\/\/korilu.it\/w\/wp-json\/wp\/v2\/types\/page"}],"author":[{"embeddable":true,"href":"https:\/\/korilu.it\/w\/wp-json\/wp\/v2\/users\/3"}],"replies":[{"embeddable":true,"href":"https:\/\/korilu.it\/w\/wp-json\/wp\/v2\/comments?post=149"}],"version-history":[{"count":4,"href":"https:\/\/korilu.it\/w\/wp-json\/wp\/v2\/pages\/149\/revisions"}],"predecessor-version":[{"id":153,"href":"https:\/\/korilu.it\/w\/wp-json\/wp\/v2\/pages\/149\/revisions\/153"}],"wp:attachment":[{"href":"https:\/\/korilu.it\/w\/wp-json\/wp\/v2\/media?parent=149"}],"curies":[{"name":"wp","href":"https:\/\/api.w.org\/{rel}","templated":true}]}}