{"id":193,"date":"2026-01-22T19:22:22","date_gmt":"2026-01-22T18:22:22","guid":{"rendered":"https:\/\/korilu.it\/w\/?page_id=193"},"modified":"2026-03-08T19:00:20","modified_gmt":"2026-03-08T18:00:20","slug":"provider-ecm","status":"publish","type":"page","link":"https:\/\/korilu.it\/w\/congressi\/provider-ecm\/","title":{"rendered":"Provider ECM"},"content":{"rendered":"\t\t<div data-elementor-type=\"wp-page\" data-elementor-id=\"193\" class=\"elementor elementor-193\" data-elementor-post-type=\"page\">\n\t\t\t\t<div class=\"elementor-element elementor-element-7ee96b5 e-flex e-con-boxed e-con e-parent\" data-id=\"7ee96b5\" data-element_type=\"container\" data-e-type=\"container\">\n\t\t\t\t\t<div class=\"e-con-inner\">\n\t\t\t\t<div class=\"elementor-element elementor-element-fd6fed2 elementor-widget elementor-widget-image\" data-id=\"fd6fed2\" data-element_type=\"widget\" data-e-type=\"widget\" data-widget_type=\"image.default\">\n\t\t\t\t\t\t\t\t\t\t\t\t\t\t\t<img fetchpriority=\"high\" decoding=\"async\" width=\"1024\" height=\"469\" src=\"https:\/\/korilu.it\/w\/wp-content\/uploads\/2026\/01\/provider-ecm-2.png\" class=\"attachment-large size-large wp-image-16\" alt=\"\" srcset=\"https:\/\/korilu.it\/w\/wp-content\/uploads\/2026\/01\/provider-ecm-2.png 1130w, https:\/\/korilu.it\/w\/wp-content\/uploads\/2026\/01\/provider-ecm-2-600x275.png 600w\" sizes=\"(max-width: 1024px) 100vw, 1024px\" \/>\t\t\t\t\t\t\t\t\t\t\t\t\t\t\t<\/div>\n\t\t\t\t<div class=\"elementor-element elementor-element-8f93966 elementor-widget elementor-widget-heading\" data-id=\"8f93966\" data-element_type=\"widget\" data-e-type=\"widget\" data-widget_type=\"heading.default\">\n\t\t\t\t\t<h2 class=\"elementor-heading-title elementor-size-default\">Koril\u00f9 \u00e8 Provider ECM<\/h2>\t\t\t\t<\/div>\n\t\t\t\t<div class=\"elementor-element elementor-element-ff5cc6a elementor-widget elementor-widget-text-editor\" data-id=\"ff5cc6a\" data-element_type=\"widget\" data-e-type=\"widget\" data-widget_type=\"text-editor.default\">\n\t\t\t\t\t\t\t\t\t<h2><strong>(Educazione Continua in Medicina, E.C.M.)<\/strong><\/h2><h2><strong>con n\u00b0 5798,\u00a0<\/strong><strong>anche per corsi ECM in FAD.<\/strong><\/h2>\t\t\t\t\t\t\t\t<\/div>\n\t\t\t\t<div class=\"elementor-element elementor-element-5b3a345 elementor-widget elementor-widget-image\" data-id=\"5b3a345\" data-element_type=\"widget\" data-e-type=\"widget\" data-widget_type=\"image.default\">\n\t\t\t\t\t\t\t\t\t\t\t\t\t\t\t<img decoding=\"async\" width=\"496\" height=\"496\" src=\"https:\/\/korilu.it\/w\/wp-content\/uploads\/2026\/01\/provider-ecm-bollo.png\" class=\"attachment-medium_large size-medium_large wp-image-195\" alt=\"\" srcset=\"https:\/\/korilu.it\/w\/wp-content\/uploads\/2026\/01\/provider-ecm-bollo.png 496w, https:\/\/korilu.it\/w\/wp-content\/uploads\/2026\/01\/provider-ecm-bollo-300x300.png 300w, https:\/\/korilu.it\/w\/wp-content\/uploads\/2026\/01\/provider-ecm-bollo-100x100.png 100w, https:\/\/korilu.it\/w\/wp-content\/uploads\/2026\/01\/provider-ecm-bollo-150x150.png 150w\" sizes=\"(max-width: 496px) 100vw, 496px\" \/>\t\t\t\t\t\t\t\t\t\t\t\t\t\t\t<\/div>\n\t\t\t\t<div class=\"elementor-element elementor-element-2c1e496 elementor-widget elementor-widget-text-editor\" data-id=\"2c1e496\" data-element_type=\"widget\" data-e-type=\"widget\" data-widget_type=\"text-editor.default\">\n\t\t\t\t\t\t\t\t\t<p><strong><em>Koril\u00f9\u00a0<\/em><\/strong><em>ha ricevuto dalla Commissione Nazionale per la formazione continua la qualifica di Provider\u00a0<strong>accreditato standard<\/strong>, ai sensi dell&#8217;accordo Stato Regioni del 5 novembre 2009 sul nuovo sistema di formazione continua in medicina.<\/em><em><br \/><\/em><br \/><em>L&#8217;Agenzia Nazionale per i Servizi Sanitari Regionali (AGE.NA.S.) ha inserito\u00a0<\/em><strong><em>Koril\u00f9 srl<\/em><\/strong><em>\u00a0tra i Provider accreditati nell&#8217;apposito albo, con il\u00a0<\/em><strong><em>nr. identificativo\u00a0 5798<\/em><\/strong><\/p><p><em><strong>Koril\u00f9\u00a0<\/strong><\/em><em>\u00e8 un\u00a0<strong>provider<\/strong>\u00a0accreditato per erogazioni di\u00a0<strong>corsi ECM in FAD<\/strong>\u00a0(Formazione A Distanza).\u00a0<\/em><\/p><p><em>I professionisti della salute, nell\u2019ambito del loro aggiornamento professionale, sono tenuti a seguire, a cadenza periodica, dei corsi caratterizzanti erogati da enti accreditati. L\u2019<strong>educazione continua in medicina (E.C.M.)<\/strong>\u00a0\u00e8 il processo attraverso il quale il professionista della salute si mantiene aggiornato per rispondere ai bisogni dei pazienti, alle esigenze del Servizio Sanitario Nazionale e al proprio sviluppo professionale.<\/em><\/p><p><em>L\u2019accreditamento di un provider\u00a0\u00e8 il riconoscimento da parte di un\u2019istituzione pubblica che un soggetto \u00e8 attivo e qualificato nel campo della formazione continua in sanit\u00e0 e che pertanto \u00e8 abilitato a realizzare attivit\u00e0 formative riconosciute idonee per\u00a0<strong>l\u2019ECM<\/strong>, individuando ed attribuendo direttamente i crediti ai professionisti sanitari<\/em><em><strong>.<\/strong><\/em><\/p><p>Per maggiori informazioni sull&#8217;Educazione Continua in Medicina (ECM) visitare il\u00a0<a href=\"https:\/\/ape.agenas.it\/Home.aspx\" target=\"_blank\" rel=\"noopener\">sito dell&#8217;AGEnzia NAzionale per i Servizi Sanitari regionali<\/a><\/p>\t\t\t\t\t\t\t\t<\/div>\n\t\t\t\t<div class=\"elementor-element elementor-element-9284286 elementor-widget elementor-widget-video\" data-id=\"9284286\" data-element_type=\"widget\" data-e-type=\"widget\" data-settings=\"{&quot;youtube_url&quot;:&quot;https:\\\/\\\/www.youtube.com\\\/watch?v=ze5EsHRLeQc&quot;,&quot;video_type&quot;:&quot;youtube&quot;,&quot;controls&quot;:&quot;yes&quot;}\" data-widget_type=\"video.default\">\n\t\t\t\t\t\t\t<div class=\"elementor-wrapper elementor-open-inline\">\n\t\t\t<div class=\"elementor-video\"><\/div>\t\t<\/div>\n\t\t\t\t\t\t<\/div>\n\t\t\t\t\t<\/div>\n\t\t\t\t<\/div>\n\t\t\t\t<\/div>\n\t\t","protected":false},"excerpt":{"rendered":"<p>Koril\u00f9 \u00e8 Provider ECM (Educazione Continua in Medicina, E.C.M.) con n\u00b0 5798,\u00a0anche per corsi ECM in FAD. Koril\u00f9\u00a0ha ricevuto dalla [&hellip;]<\/p>\n","protected":false},"author":3,"featured_media":0,"parent":173,"menu_order":0,"comment_status":"closed","ping_status":"closed","template":"","meta":{"site-sidebar-layout":"no-sidebar","site-content-layout":"","ast-site-content-layout":"full-width-container","site-content-style":"default","site-sidebar-style":"default","ast-global-header-display":"","ast-banner-title-visibility":"","ast-main-header-display":"","ast-hfb-above-header-display":"","ast-hfb-below-header-display":"","ast-hfb-mobile-header-display":"","site-post-title":"disabled","ast-breadcrumbs-content":"","ast-featured-img":"disabled","footer-sml-layout":"","ast-disable-related-posts":"","theme-transparent-header-meta":"","adv-header-id-meta":"","stick-header-meta":"","header-above-stick-meta":"","header-main-stick-meta":"","header-below-stick-meta":"","astra-migrate-meta-layouts":"default","ast-page-background-enabled":"default","ast-page-background-meta":{"desktop":{"background-color":"var(--ast-global-color-5)","background-image":"","background-repeat":"repeat","background-position":"center center","background-size":"auto","background-attachment":"scroll","background-type":"","background-media":"","overlay-type":"","overlay-color":"","overlay-opacity":"","overlay-gradient":""},"tablet":{"background-color":"","background-image":"","background-repeat":"repeat","background-position":"center center","background-size":"auto","background-attachment":"scroll","background-type":"","background-media":"","overlay-type":"","overlay-color":"","overlay-opacity":"","overlay-gradient":""},"mobile":{"background-color":"","background-image":"","background-repeat":"repeat","background-position":"center center","background-size":"auto","background-attachment":"scroll","background-type":"","background-media":"","overlay-type":"","overlay-color":"","overlay-opacity":"","overlay-gradient":""}},"ast-content-background-meta":{"desktop":{"background-color":"var(--ast-global-color-4)","background-image":"","background-repeat":"repeat","background-position":"center center","background-size":"auto","background-attachment":"scroll","background-type":"","background-media":"","overlay-type":"","overlay-color":"","overlay-opacity":"","overlay-gradient":""},"tablet":{"background-color":"var(--ast-global-color-4)","background-image":"","background-repeat":"repeat","background-position":"center center","background-size":"auto","background-attachment":"scroll","background-type":"","background-media":"","overlay-type":"","overlay-color":"","overlay-opacity":"","overlay-gradient":""},"mobile":{"background-color":"var(--ast-global-color-4)","background-image":"","background-repeat":"repeat","background-position":"center center","background-size":"auto","background-attachment":"scroll","background-type":"","background-media":"","overlay-type":"","overlay-color":"","overlay-opacity":"","overlay-gradient":""}},"footnotes":""},"class_list":["post-193","page","type-page","status-publish","hentry"],"_links":{"self":[{"href":"https:\/\/korilu.it\/w\/wp-json\/wp\/v2\/pages\/193","targetHints":{"allow":["GET"]}}],"collection":[{"href":"https:\/\/korilu.it\/w\/wp-json\/wp\/v2\/pages"}],"about":[{"href":"https:\/\/korilu.it\/w\/wp-json\/wp\/v2\/types\/page"}],"author":[{"embeddable":true,"href":"https:\/\/korilu.it\/w\/wp-json\/wp\/v2\/users\/3"}],"replies":[{"embeddable":true,"href":"https:\/\/korilu.it\/w\/wp-json\/wp\/v2\/comments?post=193"}],"version-history":[{"count":4,"href":"https:\/\/korilu.it\/w\/wp-json\/wp\/v2\/pages\/193\/revisions"}],"predecessor-version":[{"id":198,"href":"https:\/\/korilu.it\/w\/wp-json\/wp\/v2\/pages\/193\/revisions\/198"}],"up":[{"embeddable":true,"href":"https:\/\/korilu.it\/w\/wp-json\/wp\/v2\/pages\/173"}],"wp:attachment":[{"href":"https:\/\/korilu.it\/w\/wp-json\/wp\/v2\/media?parent=193"}],"curies":[{"name":"wp","href":"https:\/\/api.w.org\/{rel}","templated":true}]}}