{"id":199,"date":"2026-01-22T19:27:45","date_gmt":"2026-01-22T18:27:45","guid":{"rendered":"https:\/\/korilu.it\/w\/?page_id=199"},"modified":"2026-03-08T19:00:28","modified_gmt":"2026-03-08T18:00:28","slug":"servizi-offerti","status":"publish","type":"page","link":"https:\/\/korilu.it\/w\/congressi\/servizi-offerti\/","title":{"rendered":"Servizi Offerti"},"content":{"rendered":"\t\t<div data-elementor-type=\"wp-page\" data-elementor-id=\"199\" class=\"elementor elementor-199\" data-elementor-post-type=\"page\">\n\t\t\t\t<div class=\"elementor-element elementor-element-0553fca e-flex e-con-boxed e-con e-parent\" data-id=\"0553fca\" data-element_type=\"container\" data-e-type=\"container\">\n\t\t\t\t\t<div class=\"e-con-inner\">\n\t\t\t\t<div class=\"elementor-element elementor-element-21075b5 elementor-widget elementor-widget-heading\" data-id=\"21075b5\" data-element_type=\"widget\" data-e-type=\"widget\" data-widget_type=\"heading.default\">\n\t\t\t\t\t<h2 class=\"elementor-heading-title elementor-size-default\">Servizi Offerti<\/h2>\t\t\t\t<\/div>\n\t\t\t\t\t<\/div>\n\t\t\t\t<\/div>\n\t\t<div class=\"elementor-element elementor-element-5692896 e-grid e-con-boxed e-con e-parent\" data-id=\"5692896\" data-element_type=\"container\" data-e-type=\"container\">\n\t\t\t\t\t<div class=\"e-con-inner\">\n\t\t\t\t<div class=\"elementor-element elementor-element-74f7058 elementor-widget elementor-widget-text-editor\" data-id=\"74f7058\" data-element_type=\"widget\" data-e-type=\"widget\" data-widget_type=\"text-editor.default\">\n\t\t\t\t\t\t\t\t\t<p><a href=\"#providerecm\"><img decoding=\"async\" class=\"alignnone wp-image-180\" src=\"https:\/\/www.korilu.it\/wp\/wp-content\/uploads\/2020\/03\/congressi-infografica-punto-1.png\" alt=\"\" width=\"50\" height=\"50\" \/><\/a>\u00a0 <span style=\"color: #000000;\">\u00a0<a style=\"color: #000000;\" href=\"#providerecm\">Provider ECM<\/a><\/span><\/p><p><a href=\"#segreteria\"><img decoding=\"async\" class=\"alignnone wp-image-181\" src=\"https:\/\/www.korilu.it\/wp\/wp-content\/uploads\/2020\/03\/congressi-infografica-punto-2.png\" alt=\"\" width=\"50\" height=\"50\" \/><\/a>\u00a0 \u00a0<span style=\"color: #000000;\"><a style=\"color: #000000;\" href=\"#segreteria\">Segreteria Organizzativa e Agenzia Viaggi<\/a><\/span><\/p><p><a href=\"#logistica\"><img decoding=\"async\" class=\"alignnone wp-image-182\" src=\"https:\/\/www.korilu.it\/wp\/wp-content\/uploads\/2020\/03\/congressi-infografica-punto-3.png\" alt=\"\" width=\"50\" height=\"50\" \/><\/a>\u00a0 \u00a0<span style=\"color: #000000;\"><a style=\"color: #000000;\" href=\"#logistica\">Gestione Logistica ed Economica<\/a><\/span><\/p><p><a href=\"#sponsor\"><img loading=\"lazy\" decoding=\"async\" class=\"alignnone wp-image-184\" src=\"https:\/\/www.korilu.it\/wp\/wp-content\/uploads\/2020\/03\/congressi-infografica-punto-5.png\" alt=\"\" width=\"50\" height=\"50\" \/><\/a>\u00a0 <span style=\"color: #000000;\">\u00a0<\/span><a href=\"#sponsor\"><span style=\"color: #000000;\">Reperimento e Gestione Sponsor<\/span><\/a><\/p><p><a href=\"#catering\"><img loading=\"lazy\" decoding=\"async\" class=\"alignnone wp-image-183\" src=\"https:\/\/www.korilu.it\/wp\/wp-content\/uploads\/2020\/03\/congressi-infografica-punto-4.png\" alt=\"\" width=\"50\" height=\"50\" \/><\/a>\u00a0 <span style=\"color: #000000;\">\u00a0<a style=\"color: #000000;\" href=\"#catering\">Catering e Banqueting<\/a><\/span><\/p><p><a href=\"#comunicazione\"><img loading=\"lazy\" decoding=\"async\" class=\"alignnone wp-image-185\" src=\"https:\/\/www.korilu.it\/wp\/wp-content\/uploads\/2020\/03\/congressi-infografica-punto-6.png\" alt=\"\" width=\"50\" height=\"50\" \/><\/a>\u00a0 \u00a0<span style=\"color: #000000;\"><a style=\"color: #000000;\" href=\"#comunicazione\">Comunicazione Integrata<\/a><\/span><\/p><p><span style=\"color: #000000;\"><em><a href=\"#mepa\"><img loading=\"lazy\" decoding=\"async\" class=\"alignnone wp-image-1598\" src=\"https:\/\/www.korilu.it\/wp\/wp-content\/uploads\/2021\/10\/mepa-3-300x156.jpg\" alt=\"\" width=\"54\" height=\"28\" \/><\/a>\u00a0 <a style=\"color: #000000;\" href=\"#mepa\">Inoltre,<\/a> <a style=\"color: #000000;\" href=\"#mepa\">siamo abilitati e registrati al<\/a> <a href=\"#mepa\">MePA<\/a>.<\/em><\/span><\/p>\t\t\t\t\t\t\t\t<\/div>\n\t\t\t\t<div class=\"elementor-element elementor-element-3392153 elementor-widget elementor-widget-image\" data-id=\"3392153\" data-element_type=\"widget\" data-e-type=\"widget\" data-widget_type=\"image.default\">\n\t\t\t\t\t\t\t\t\t\t\t\t\t\t\t<img loading=\"lazy\" decoding=\"async\" width=\"687\" height=\"758\" src=\"https:\/\/korilu.it\/w\/wp-content\/uploads\/2026\/01\/congressi-infografica.png\" class=\"attachment-medium_large size-medium_large wp-image-203\" alt=\"\" srcset=\"https:\/\/korilu.it\/w\/wp-content\/uploads\/2026\/01\/congressi-infografica.png 687w, https:\/\/korilu.it\/w\/wp-content\/uploads\/2026\/01\/congressi-infografica-600x662.png 600w, https:\/\/korilu.it\/w\/wp-content\/uploads\/2026\/01\/congressi-infografica-272x300.png 272w\" sizes=\"(max-width: 687px) 100vw, 687px\" \/>\t\t\t\t\t\t\t\t\t\t\t\t\t\t\t<\/div>\n\t\t\t\t\t<\/div>\n\t\t\t\t<\/div>\n\t\t<div class=\"elementor-element elementor-element-f71e74c e-flex e-con-boxed e-con e-parent\" data-id=\"f71e74c\" data-element_type=\"container\" data-e-type=\"container\">\n\t\t\t\t\t<div class=\"e-con-inner\">\n\t\t\t\t<div class=\"elementor-element elementor-element-7a4c6d8 elementor-widget-divider--view-line elementor-widget elementor-widget-divider\" data-id=\"7a4c6d8\" data-element_type=\"widget\" data-e-type=\"widget\" data-widget_type=\"divider.default\">\n\t\t\t\t\t\t\t<div class=\"elementor-divider\">\n\t\t\t<span class=\"elementor-divider-separator\">\n\t\t\t\t\t\t<\/span>\n\t\t<\/div>\n\t\t\t\t\t\t<\/div>\n\t\t\t\t<div class=\"elementor-element elementor-element-073ddc3 elementor-widget elementor-widget-image\" data-id=\"073ddc3\" data-element_type=\"widget\" data-e-type=\"widget\" data-widget_type=\"image.default\">\n\t\t\t\t\t\t\t\t\t\t\t\t\t\t\t<img loading=\"lazy\" decoding=\"async\" width=\"1024\" height=\"309\" src=\"https:\/\/korilu.it\/w\/wp-content\/uploads\/2026\/01\/provider-ecm-1024x309.png\" class=\"attachment-large size-large wp-image-204\" alt=\"\" srcset=\"https:\/\/korilu.it\/w\/wp-content\/uploads\/2026\/01\/provider-ecm-1024x309.png 1024w, https:\/\/korilu.it\/w\/wp-content\/uploads\/2026\/01\/provider-ecm-600x181.png 600w, https:\/\/korilu.it\/w\/wp-content\/uploads\/2026\/01\/provider-ecm-300x91.png 300w, https:\/\/korilu.it\/w\/wp-content\/uploads\/2026\/01\/provider-ecm-768x232.png 768w, https:\/\/korilu.it\/w\/wp-content\/uploads\/2026\/01\/provider-ecm-1536x464.png 1536w, https:\/\/korilu.it\/w\/wp-content\/uploads\/2026\/01\/provider-ecm.png 1592w\" sizes=\"(max-width: 1024px) 100vw, 1024px\" \/>\t\t\t\t\t\t\t\t\t\t\t\t\t\t\t<\/div>\n\t\t\t\t<div class=\"elementor-element elementor-element-bcae13c elementor-widget elementor-widget-heading\" data-id=\"bcae13c\" data-element_type=\"widget\" data-e-type=\"widget\" id=\"providerecm\" data-widget_type=\"heading.default\">\n\t\t\t\t\t<h3 class=\"elementor-heading-title elementor-size-default\">Provider ECM<\/h3>\t\t\t\t<\/div>\n\t\t\t\t\t<\/div>\n\t\t\t\t<\/div>\n\t\t<div class=\"elementor-element elementor-element-a58257c e-flex e-con-boxed e-con e-parent\" data-id=\"a58257c\" data-element_type=\"container\" data-e-type=\"container\">\n\t\t\t\t\t<div class=\"e-con-inner\">\n\t\t\t\t<div class=\"elementor-element elementor-element-41aabc3 elementor-widget elementor-widget-text-editor\" data-id=\"41aabc3\" data-element_type=\"widget\" data-e-type=\"widget\" data-widget_type=\"text-editor.default\">\n\t\t\t\t\t\t\t\t\t<ul><li>Reperimento <strong>materiale per pratica ECM<\/strong><\/li><li><strong>Espletamento pratica<\/strong><\/li><li><strong>Supervisione<\/strong> durante l\u2019evento<\/li><li><strong>Assegnazione crediti ECM<\/strong><\/li><\/ul>\t\t\t\t\t\t\t\t<\/div>\n\t\t\t\t<div class=\"elementor-element elementor-element-a6efd28 elementor-widget elementor-widget-text-editor\" data-id=\"a6efd28\" data-element_type=\"widget\" data-e-type=\"widget\" data-widget_type=\"text-editor.default\">\n\t\t\t\t\t\t\t\t\t<p><img loading=\"lazy\" decoding=\"async\" class=\"alignnone  wp-image-851\" src=\"https:\/\/www.korilu.it\/wp\/wp-content\/uploads\/2020\/10\/provider-ecm-bollo-300x300.png\" alt=\"\" width=\"162\" height=\"162\" \/><\/p><p><strong><em>Koril\u00f9\u00a0<\/em><\/strong><em>ha ricevuto dalla Commissione Nazionale per la formazione continua la qualifica di Provider, ai sensi dell&#8217;accordo Stato Regioni del 5 novembre 2009 sul nuovo sistema di formazione continua in medicina.<\/em><em><br \/><\/em><br \/><em>L&#8217;Agenzia Nazionale per i Servizi Sanitari Regionali (AGE.NA.S.) ha inserito\u00a0<\/em><strong><em>Koril\u00f9 srl<\/em><\/strong><em>\u00a0tra i Provider accreditati nell&#8217;apposito albo, con il\u00a0<\/em><strong><em>nr. identificativo\u00a0 5798<\/em><\/strong><\/p><p><em><strong>Koril\u00f9\u00a0<\/strong><\/em><em>\u00e8 un provider accreditato per erogazioni di corsi <strong>ECM in FAD<\/strong>\u00a0<\/em><\/p><p><em>I professionisti della salute, nell\u2019ambito del loro aggiornamento professionale, sono tenuti a seguire, a cadenza periodica, dei corsi caratterizzanti erogati da enti accreditati.\u00a0L\u2019educazione continua in medicina (ECM)\u00a0\u00e8 il processo attraverso il quale il professionista della salute si mantiene aggiornato per rispondere ai bisogni dei pazienti, alle esigenze del Servizio Sanitario Nazionale e al proprio sviluppo professionale.<\/em><\/p><p><em>L\u2019accreditamento di un provider\u00a0\u00e8 il riconoscimento da parte di un\u2019istituzione pubblica che un soggetto \u00e8 attivo e qualificato nel campo della formazione continua in sanit\u00e0 e che pertanto \u00e8 abilitato a realizzare attivit\u00e0 formative riconosciute idonee per l\u2019ECM, individuando ed attribuendo direttamente i crediti ai professionisti sanitari<\/em><em><strong>.<\/strong><\/em><\/p>\t\t\t\t\t\t\t\t<\/div>\n\t\t\t\t<div class=\"elementor-element elementor-element-433e8d5 elementor-widget-divider--view-line elementor-widget elementor-widget-divider\" data-id=\"433e8d5\" data-element_type=\"widget\" data-e-type=\"widget\" data-widget_type=\"divider.default\">\n\t\t\t\t\t\t\t<div class=\"elementor-divider\">\n\t\t\t<span class=\"elementor-divider-separator\">\n\t\t\t\t\t\t<\/span>\n\t\t<\/div>\n\t\t\t\t\t\t<\/div>\n\t\t\t\t<div class=\"elementor-element elementor-element-9490a8c elementor-widget elementor-widget-heading\" data-id=\"9490a8c\" data-element_type=\"widget\" data-e-type=\"widget\" id=\"segreteria\" data-widget_type=\"heading.default\">\n\t\t\t\t\t<h3 class=\"elementor-heading-title elementor-size-default\">Segreteria Organizzativa e Agenzia Viaggi\u200b<\/h3>\t\t\t\t<\/div>\n\t\t\t\t<div class=\"elementor-element elementor-element-e7fa496 elementor-widget elementor-widget-text-editor\" data-id=\"e7fa496\" data-element_type=\"widget\" data-e-type=\"widget\" data-widget_type=\"text-editor.default\">\n\t\t\t\t\t\t\t\t\t<ul><li>Elaborazione <strong>programmi e stampati<\/strong>, immagine coordinata dell\u2019evento e cartellonistica<\/li><li><strong>Gestione contatti<\/strong> Faculty, Autorit\u00e0, Partecipanti, Sponsor, Media e Fornitori<\/li><li>Gestione<strong> iscrizioni, prenotazioni<\/strong> alberghiere, partecipanti e <strong>fatturazione<\/strong><\/li><li>Organizzazione<strong> viaggio e soggiorno<\/strong> Faculty, programma sociale per accompagnatori<\/li><li><strong>Supervisione<\/strong> in sede congressuale e <strong>verifica delle presenze<\/strong>, con eventuale supporto elettronico<\/li><li>Selezione <strong>service tecnico<\/strong>, coordinamento e realizzazione atti multimediali<\/li><li><strong>Servizio di accoglienza<\/strong>, Hostess, interpretariato, guardaroba e servizio fotografico<\/li><\/ul>\t\t\t\t\t\t\t\t<\/div>\n\t\t\t\t<div class=\"elementor-element elementor-element-b13ac43 elementor-widget-divider--view-line elementor-widget elementor-widget-divider\" data-id=\"b13ac43\" data-element_type=\"widget\" data-e-type=\"widget\" data-widget_type=\"divider.default\">\n\t\t\t\t\t\t\t<div class=\"elementor-divider\">\n\t\t\t<span class=\"elementor-divider-separator\">\n\t\t\t\t\t\t<\/span>\n\t\t<\/div>\n\t\t\t\t\t\t<\/div>\n\t\t\t\t<div class=\"elementor-element elementor-element-d8058fa elementor-widget elementor-widget-heading\" data-id=\"d8058fa\" data-element_type=\"widget\" data-e-type=\"widget\" id=\"logistica\" data-widget_type=\"heading.default\">\n\t\t\t\t\t<h3 class=\"elementor-heading-title elementor-size-default\">Gestione Logistica<\/h3>\t\t\t\t<\/div>\n\t\t\t\t<div class=\"elementor-element elementor-element-0e2de48 elementor-widget elementor-widget-text-editor\" data-id=\"0e2de48\" data-element_type=\"widget\" data-e-type=\"widget\" data-widget_type=\"text-editor.default\">\n\t\t\t\t\t\t\t\t\t<ul><li><strong>Scelta della location<\/strong> ideale, in termini di Accessibilit\u00e0, Praticit\u00e0, Prestigio<\/li><li>Valutazione <strong>spazi congressuali<\/strong>, in termini di Capienza, Dotazione tecnica, Comfort, Allestimento<\/li><li>Gestione <strong>area espositiva<\/strong>, in termini di Individuazione spazi sponsor, Definizione allestimenti, Gestione set up<\/li><\/ul>\t\t\t\t\t\t\t\t<\/div>\n\t\t\t\t<div class=\"elementor-element elementor-element-4e20865 elementor-widget elementor-widget-heading\" data-id=\"4e20865\" data-element_type=\"widget\" data-e-type=\"widget\" data-widget_type=\"heading.default\">\n\t\t\t\t\t<h3 class=\"elementor-heading-title elementor-size-default\">Gestione Economica e Finanziaria<\/h3>\t\t\t\t<\/div>\n\t\t\t\t<div class=\"elementor-element elementor-element-48ace4e elementor-widget elementor-widget-text-editor\" data-id=\"48ace4e\" data-element_type=\"widget\" data-e-type=\"widget\" data-widget_type=\"text-editor.default\">\n\t\t\t\t\t\t\t\t\t<ul><li>Studio di <b>fattibilit\u00e0<\/b><\/li><li>Stesura del <b>budget previsionale<\/b><\/li><li>Aggiornamento costante e controllo del preventivo<\/li><li><b>Rendicontazione e stesura del consuntivo<\/b><\/li><\/ul>\t\t\t\t\t\t\t\t<\/div>\n\t\t\t\t<div class=\"elementor-element elementor-element-b28b4f2 elementor-widget-divider--view-line elementor-widget elementor-widget-divider\" data-id=\"b28b4f2\" data-element_type=\"widget\" data-e-type=\"widget\" data-widget_type=\"divider.default\">\n\t\t\t\t\t\t\t<div class=\"elementor-divider\">\n\t\t\t<span class=\"elementor-divider-separator\">\n\t\t\t\t\t\t<\/span>\n\t\t<\/div>\n\t\t\t\t\t\t<\/div>\n\t\t\t\t<div class=\"elementor-element elementor-element-6a0ddb2 elementor-widget elementor-widget-heading\" data-id=\"6a0ddb2\" data-element_type=\"widget\" data-e-type=\"widget\" id=\"sponsor\" data-widget_type=\"heading.default\">\n\t\t\t\t\t<h3 class=\"elementor-heading-title elementor-size-default\">Reperimento e Gestione Sponsor<\/h3>\t\t\t\t<\/div>\n\t\t\t\t<div class=\"elementor-element elementor-element-2751c6a elementor-widget elementor-widget-text-editor\" data-id=\"2751c6a\" data-element_type=\"widget\" data-e-type=\"widget\" data-widget_type=\"text-editor.default\">\n\t\t\t\t\t\t\t\t\t<ul><li><b>Valutazione<\/b> con il Comitato Organizzatore degli <b>Sponsor da contattare<\/b><\/li><li>Pianificazione della <b>ricerca Sponsor<\/b><\/li><li>Gestione in <b>trasparenza<\/b> del rapporto con gli Sponsor<\/li><li><b>Ottimizzazione<\/b> e rendicontazione delle risorse economiche<\/li><li>Gestione degli <b>aspetti amministrativi<\/b><\/li><\/ul>\t\t\t\t\t\t\t\t<\/div>\n\t\t\t\t<div class=\"elementor-element elementor-element-d8e5d2a elementor-widget-divider--view-line elementor-widget elementor-widget-divider\" data-id=\"d8e5d2a\" data-element_type=\"widget\" data-e-type=\"widget\" data-widget_type=\"divider.default\">\n\t\t\t\t\t\t\t<div class=\"elementor-divider\">\n\t\t\t<span class=\"elementor-divider-separator\">\n\t\t\t\t\t\t<\/span>\n\t\t<\/div>\n\t\t\t\t\t\t<\/div>\n\t\t\t\t<div class=\"elementor-element elementor-element-6b787ae elementor-widget elementor-widget-heading\" data-id=\"6b787ae\" data-element_type=\"widget\" data-e-type=\"widget\" id=\"catering\" data-widget_type=\"heading.default\">\n\t\t\t\t\t<h3 class=\"elementor-heading-title elementor-size-default\">Catering e Banqueting<\/h3>\t\t\t\t<\/div>\n\t\t\t\t<div class=\"elementor-element elementor-element-dcdb52d elementor-widget elementor-widget-text-editor\" data-id=\"dcdb52d\" data-element_type=\"widget\" data-e-type=\"widget\" data-widget_type=\"text-editor.default\">\n\t\t\t\t\t\t\t\t\t<p>Valutazione delle location e fornitori, <b>definizione menu<\/b>, scelta <b>mise en <\/b><b>place<\/b> e <b>allestimento<\/b>, realizzazione <b>inviti<\/b>, individuazione del <b>tema<\/b>, <b>spettacolarizzazione<\/b><\/p><ul><li>Coffee break e colazione di lavoro<\/li><li>Cocktail di benvenuto<\/li><li>Cerimonia inaugurale<\/li><li>Cena Faculty e Gala Dinner<\/li><li style=\"list-style-type: none;\">\u00a0<\/li><\/ul>\t\t\t\t\t\t\t\t<\/div>\n\t\t\t\t<div class=\"elementor-element elementor-element-39394a7 elementor-widget-divider--view-line elementor-widget elementor-widget-divider\" data-id=\"39394a7\" data-element_type=\"widget\" data-e-type=\"widget\" data-widget_type=\"divider.default\">\n\t\t\t\t\t\t\t<div class=\"elementor-divider\">\n\t\t\t<span class=\"elementor-divider-separator\">\n\t\t\t\t\t\t<\/span>\n\t\t<\/div>\n\t\t\t\t\t\t<\/div>\n\t\t\t\t<div class=\"elementor-element elementor-element-d94194a elementor-widget elementor-widget-heading\" data-id=\"d94194a\" data-element_type=\"widget\" data-e-type=\"widget\" id=\"comunicazione\" data-widget_type=\"heading.default\">\n\t\t\t\t\t<h3 class=\"elementor-heading-title elementor-size-default\">Comunicazione Integrata<\/h3>\t\t\t\t<\/div>\n\t\t\t\t<div class=\"elementor-element elementor-element-958ed07 elementor-widget elementor-widget-text-editor\" data-id=\"958ed07\" data-element_type=\"widget\" data-e-type=\"widget\" data-widget_type=\"text-editor.default\">\n\t\t\t\t\t\t\t\t\t<ul><li><b>Immagine coordinata<\/b><\/li><li>Comunicati e conferenze stampa, <b>gestione dei media<\/b><\/li><li><b>Promozione<\/b> tramite <b>e-mail e social<\/b><\/li><li><b>Gestione<\/b> e <b>divulgazione<\/b> del ciclo di vita del <b>programma<\/b><\/li><\/ul>\t\t\t\t\t\t\t\t<\/div>\n\t\t\t\t<div class=\"elementor-element elementor-element-50a871c elementor-widget-divider--view-line elementor-widget elementor-widget-divider\" data-id=\"50a871c\" data-element_type=\"widget\" data-e-type=\"widget\" data-widget_type=\"divider.default\">\n\t\t\t\t\t\t\t<div class=\"elementor-divider\">\n\t\t\t<span class=\"elementor-divider-separator\">\n\t\t\t\t\t\t<\/span>\n\t\t<\/div>\n\t\t\t\t\t\t<\/div>\n\t\t<div class=\"elementor-element elementor-element-ac5fe5d e-grid e-con-full e-con e-child\" data-id=\"ac5fe5d\" data-element_type=\"container\" data-e-type=\"container\">\n\t\t\t\t<div class=\"elementor-element elementor-element-bb2e1b0 elementor-widget elementor-widget-image\" data-id=\"bb2e1b0\" data-element_type=\"widget\" data-e-type=\"widget\" data-widget_type=\"image.default\">\n\t\t\t\t\t\t\t\t\t\t\t\t\t\t\t<img decoding=\"async\" src=\"https:\/\/korilu.it\/w\/wp-content\/uploads\/elementor\/thumbs\/MEPA-ri1k6ivgsk31ro7xbn03z6vqvt3nqcjq9wdtb5zxsq.png\" title=\"MEPA\" alt=\"MEPA\" loading=\"lazy\" \/>\t\t\t\t\t\t\t\t\t\t\t\t\t\t\t<\/div>\n\t\t\t\t<div class=\"elementor-element elementor-element-6e69e16 elementor-widget elementor-widget-text-editor\" data-id=\"6e69e16\" data-element_type=\"widget\" data-e-type=\"widget\" id=\"mepa\" data-widget_type=\"text-editor.default\">\n\t\t\t\t\t\t\t\t\t<h3><strong>Mercato Elettronico della Pubblica Amministrazione &#8211; MePA<\/strong><\/h3><p>Siamo abilitati e registrati al MePA, per accedere ed essere visibili nel mondo del Mercato Elettronico della Pubblica Amministrazione.<\/p>\t\t\t\t\t\t\t\t<\/div>\n\t\t\t\t<\/div>\n\t\t\t\t\t<\/div>\n\t\t\t\t<\/div>\n\t\t<div class=\"elementor-element elementor-element-bdf6431 e-flex e-con-boxed e-con e-parent\" data-id=\"bdf6431\" data-element_type=\"container\" data-e-type=\"container\">\n\t\t\t\t\t<div class=\"e-con-inner\">\n\t\t\t\t<div class=\"elementor-element elementor-element-53cc137 elementor-widget elementor-widget-image\" data-id=\"53cc137\" data-element_type=\"widget\" data-e-type=\"widget\" data-widget_type=\"image.default\">\n\t\t\t\t\t\t\t\t\t\t\t\t\t\t\t\t<a href=\"mailto:congressi@korilu.it\">\n\t\t\t\t\t\t\t<img loading=\"lazy\" decoding=\"async\" width=\"1024\" height=\"371\" src=\"https:\/\/korilu.it\/w\/wp-content\/uploads\/2026\/01\/contattaci-maggiori-informazioni-1024x371.png\" class=\"attachment-large size-large wp-image-208\" alt=\"\" srcset=\"https:\/\/korilu.it\/w\/wp-content\/uploads\/2026\/01\/contattaci-maggiori-informazioni-1024x371.png 1024w, https:\/\/korilu.it\/w\/wp-content\/uploads\/2026\/01\/contattaci-maggiori-informazioni-600x217.png 600w, https:\/\/korilu.it\/w\/wp-content\/uploads\/2026\/01\/contattaci-maggiori-informazioni-300x109.png 300w, https:\/\/korilu.it\/w\/wp-content\/uploads\/2026\/01\/contattaci-maggiori-informazioni-768x278.png 768w, https:\/\/korilu.it\/w\/wp-content\/uploads\/2026\/01\/contattaci-maggiori-informazioni-1536x556.png 1536w, https:\/\/korilu.it\/w\/wp-content\/uploads\/2026\/01\/contattaci-maggiori-informazioni.png 1920w\" sizes=\"(max-width: 1024px) 100vw, 1024px\" \/>\t\t\t\t\t\t\t\t<\/a>\n\t\t\t\t\t\t\t\t\t\t\t\t\t\t\t<\/div>\n\t\t\t\t\t<\/div>\n\t\t\t\t<\/div>\n\t\t\t\t<\/div>\n\t\t","protected":false},"excerpt":{"rendered":"<p>Servizi Offerti \u00a0 \u00a0Provider ECM \u00a0 \u00a0Segreteria Organizzativa e Agenzia Viaggi \u00a0 \u00a0Gestione Logistica ed Economica \u00a0 \u00a0Reperimento e Gestione [&hellip;]<\/p>\n","protected":false},"author":3,"featured_media":0,"parent":173,"menu_order":0,"comment_status":"closed","ping_status":"closed","template":"","meta":{"site-sidebar-layout":"no-sidebar","site-content-layout":"","ast-site-content-layout":"full-width-container","site-content-style":"default","site-sidebar-style":"default","ast-global-header-display":"","ast-banner-title-visibility":"","ast-main-header-display":"","ast-hfb-above-header-display":"","ast-hfb-below-header-display":"","ast-hfb-mobile-header-display":"","site-post-title":"disabled","ast-breadcrumbs-content":"","ast-featured-img":"disabled","footer-sml-layout":"","ast-disable-related-posts":"","theme-transparent-header-meta":"","adv-header-id-meta":"","stick-header-meta":"","header-above-stick-meta":"","header-main-stick-meta":"","header-below-stick-meta":"","astra-migrate-meta-layouts":"default","ast-page-background-enabled":"default","ast-page-background-meta":{"desktop":{"background-color":"var(--ast-global-color-5)","background-image":"","background-repeat":"repeat","background-position":"center center","background-size":"auto","background-attachment":"scroll","background-type":"","background-media":"","overlay-type":"","overlay-color":"","overlay-opacity":"","overlay-gradient":""},"tablet":{"background-color":"","background-image":"","background-repeat":"repeat","background-position":"center center","background-size":"auto","background-attachment":"scroll","background-type":"","background-media":"","overlay-type":"","overlay-color":"","overlay-opacity":"","overlay-gradient":""},"mobile":{"background-color":"","background-image":"","background-repeat":"repeat","background-position":"center center","background-size":"auto","background-attachment":"scroll","background-type":"","background-media":"","overlay-type":"","overlay-color":"","overlay-opacity":"","overlay-gradient":""}},"ast-content-background-meta":{"desktop":{"background-color":"var(--ast-global-color-4)","background-image":"","background-repeat":"repeat","background-position":"center center","background-size":"auto","background-attachment":"scroll","background-type":"","background-media":"","overlay-type":"","overlay-color":"","overlay-opacity":"","overlay-gradient":""},"tablet":{"background-color":"var(--ast-global-color-4)","background-image":"","background-repeat":"repeat","background-position":"center center","background-size":"auto","background-attachment":"scroll","background-type":"","background-media":"","overlay-type":"","overlay-color":"","overlay-opacity":"","overlay-gradient":""},"mobile":{"background-color":"var(--ast-global-color-4)","background-image":"","background-repeat":"repeat","background-position":"center center","background-size":"auto","background-attachment":"scroll","background-type":"","background-media":"","overlay-type":"","overlay-color":"","overlay-opacity":"","overlay-gradient":""}},"footnotes":""},"class_list":["post-199","page","type-page","status-publish","hentry"],"_links":{"self":[{"href":"https:\/\/korilu.it\/w\/wp-json\/wp\/v2\/pages\/199","targetHints":{"allow":["GET"]}}],"collection":[{"href":"https:\/\/korilu.it\/w\/wp-json\/wp\/v2\/pages"}],"about":[{"href":"https:\/\/korilu.it\/w\/wp-json\/wp\/v2\/types\/page"}],"author":[{"embeddable":true,"href":"https:\/\/korilu.it\/w\/wp-json\/wp\/v2\/users\/3"}],"replies":[{"embeddable":true,"href":"https:\/\/korilu.it\/w\/wp-json\/wp\/v2\/comments?post=199"}],"version-history":[{"count":11,"href":"https:\/\/korilu.it\/w\/wp-json\/wp\/v2\/pages\/199\/revisions"}],"predecessor-version":[{"id":217,"href":"https:\/\/korilu.it\/w\/wp-json\/wp\/v2\/pages\/199\/revisions\/217"}],"up":[{"embeddable":true,"href":"https:\/\/korilu.it\/w\/wp-json\/wp\/v2\/pages\/173"}],"wp:attachment":[{"href":"https:\/\/korilu.it\/w\/wp-json\/wp\/v2\/media?parent=199"}],"curies":[{"name":"wp","href":"https:\/\/api.w.org\/{rel}","templated":true}]}}