{"id":3,"date":"2026-01-06T19:19:54","date_gmt":"2026-01-06T19:19:54","guid":{"rendered":"https:\/\/korilu.it\/w\/?page_id=3"},"modified":"2026-03-08T19:17:32","modified_gmt":"2026-03-08T18:17:32","slug":"privacy-policy","status":"publish","type":"page","link":"https:\/\/korilu.it\/w\/privacy-policy\/","title":{"rendered":"Privacy Policy"},"content":{"rendered":"\t\t<div data-elementor-type=\"wp-page\" data-elementor-id=\"3\" class=\"elementor elementor-3\" data-elementor-post-type=\"page\">\n\t\t\t\t<div class=\"elementor-element elementor-element-3e0c338f e-flex e-con-boxed e-con e-parent\" data-id=\"3e0c338f\" data-element_type=\"container\" data-e-type=\"container\">\n\t\t\t\t\t<div class=\"e-con-inner\">\n\t\t\t\t<div class=\"elementor-element elementor-element-01e836e elementor-widget elementor-widget-heading\" data-id=\"01e836e\" data-element_type=\"widget\" data-e-type=\"widget\" data-widget_type=\"heading.default\">\n\t\t\t\t\t<h2 class=\"elementor-heading-title elementor-size-default\">Privacy Policy<\/h2>\t\t\t\t<\/div>\n\t\t\t\t<div class=\"elementor-element elementor-element-1eab5222 elementor-widget elementor-widget-text-editor\" data-id=\"1eab5222\" data-element_type=\"widget\" data-e-type=\"widget\" data-widget_type=\"text-editor.default\">\n\t\t\t\t\t\t\t\t\t\n<p style=\"font-weight: 400;\"><strong>Koril\u00f9 srl<\/strong>, in qualit\u00e0 di Titolare del trattamento dei dati personali, tratter\u00e0 \u2013 per le finalit\u00e0 e le modalit\u00e0 di seguito riportate &#8211; i dati personali da Lei direttamente forniti all\u2019atto dell\u2019iscrizione ai corsi organizzati dalla scrivente, ovvero attinti da terzi autorizzati o contenuti in elenchi o albi accessibili dal Titolare, riferibili direttamente od indirettamente alla Sua iscrizione.<\/p>\n<p style=\"font-weight: 400;\">In particolare la Koril\u00f9 srl, tratter\u00e0 i seguenti dati personali: a) dati anagrafici e identificativi (nome e cognome, data di nascita, residenza, cittadinanza, codice fiscale\/Partita IVA); b) Professione e specializzazione; c) contatti email e telefonici; d) iscrizione agli Albi di categoria.<\/p>\n<p>Termini e Condizioni dei Servizio visionalibili al seguente <a href=\"https:\/\/www.korilu.it\/wp\/termini-e-condizioni-di-servizio\/\">link<\/a>.<\/p>\n<p style=\"font-weight: 400;\"><strong>Base giuridica e finalit\u00e0 del trattamento.<\/strong><\/p>\n<p style=\"font-weight: 400;\"><strong>1.<\/strong> Il trattamento anzidetto \u00e8 finalizzato a consentire la Sua partecipazione al corso ed \u00e8 fondato (a) sulla necessit\u00e0 di dare esecuzione alla Sua domanda di partecipazione ovvero di adempiere a Sue richieste prima dello svolgimento del corso; (b) sulla necessit\u00e0 di adempiere agli obblighi in capo alla Koril\u00f9 srl previsti dalla legge, da un regolamento o dalla normativa comunitaria, ivi comprese le norme dell\u2019ordinamento medico, ovvero da ordini dell\u2019Autorit\u00e0.<\/p>\n<p><strong>2. Modalit\u00e0 del trattamento:<\/strong><\/p>\n<p style=\"font-weight: 400;\">Il trattamento dei Suoi dati personali \u00e8 realizzato, anche con l\u2019ausilio di mezzi elettronici, per mezzo delle operazioni indicate all\u2019art. 4, n. 2) del GDPR e precisamente: il trattamento dei dati personali potr\u00e0 consistere nella raccolta, registrazione, organizzazione, consultazione, elaborazione, modificazione, selezione, estrazione, raffronto, utilizzo, interconnessione, blocco, comunicazione, cancellazione e distruzione dei dati.<\/p>\n<p style=\"font-weight: 400;\"><strong>3. Obbligatoriet\u00e0 del conferimento<\/strong><\/p>\n<p style=\"font-weight: 400;\">Il conferimento dei dati \u00e8 obbligatorio per il raggiungimento delle finalit\u00e0 sopra elencate. Un eventuale rifiuto di fornire i dati di cui sopra non Le consentir\u00e0 di partecipare al corso.<\/p>\n<p style=\"font-weight: 400;\"><strong>Destinatari dei dati personali<\/strong><\/p>\n<p style=\"font-weight: 400;\"><strong>1.1.<\/strong>\u00a0Dei suoi dati personali pu\u00f2 venirne a conoscenza in qualit\u00e0 di \u201cincaricato al trattamento\u201d il personale appositamente nominato dalla Koril\u00f9 srl e potranno essere altres\u00ec trattati per conto della Koril\u00f9 srl, da soggetti esterni designati come Responsabili, quali ad esempio fornitori di servizi amministrativo-contabili, di servizi di archiviazione della documentazione, di servizi informatici, di servizi legali o fiscali di servizi di revisione contabile. I Suoi dati saranno altres\u00ec comunicati ad Agenas per l\u2019assegnazione dei crediti ECM.<\/p>\n<p style=\"font-weight: 400;\"><strong>1.2<\/strong>. I dati personali da Lei forniti potranno inoltre essere comunicati a Enti e Pubbliche Amministrazioni per fini di legge ed in generale a soggetti legittimati dalla legge a richiedere i dati.<\/p>\n<p><strong>2. Periodo di conservazione dei dati<\/strong><\/p>\n<p style=\"font-weight: 400;\">I Suoi dati saranno conservati per il periodo necessario al conseguimento delle finalit\u00e0 per le quali sono stati acquisiti e conformemente alle specifiche previsioni di legge al riguardo.<\/p>\n<p><strong>3. Titolare del trattamento:<\/strong><\/p>\n<p><strong><em>Koril\u00f9 srl, Via Belmeloro n. 5 &#8211; 40126 Bologna<\/em><\/strong><\/p>\n<p><strong>4. Responsabile della protezione dei dati:<\/strong><\/p>\n<p><em><strong> Koril\u00f9 srl, Via Belmeloro n. 5 &#8211; 40126 Bologna, contattabile al seguente indirizzo: congressi@korilu.it<\/strong><\/em><\/p>\n<p><strong>5. Diritti dell\u2019interessato<\/strong> <em>Reg.to UE 2016\/679: Artt. 15, 16, 17, 18, 19, 20, 21, 22<\/em><\/p>\n<p style=\"font-weight: 400;\"><strong>5.1.<\/strong> In ogni momento, Lei potr\u00e0 esercitare i diritti di cui gode, ai sensi delle disposizioni di cui alle sezioni 2, 3, 4, del Capo III del Reg. Gen. 679\/2003, ed in particolare: chiedere la conferma dell\u2019esistenza o meno di propri dati personali; ottenere le indicazioni circa le finalit\u00e0 del trattamento, le categorie dei dati personali, i destinatari o le categorie di destinatari a cui i dati personali sono stati o saranno comunicati e, quando possibile, il periodo di conservazione; ottenere la rettifica e la cancellazione dei dati; ottenere la limitazione del trattamento; ottenere la portabilit\u00e0 dei dati, ossia riceverli da un titolare del trattamento, in un formato strutturato, di uso comune e leggibile da dispositivo automatico, e trasmetterli ad un altro titolare del trattamento senza impedimenti; conoscere l\u2019esistenza ed opporsi ad un processo decisionale automatizzato, compresa la profilazione, relativo alle persone fisiche, e avere informazioni significative sulla logica utilizzata e le conseguenze del trattamento; qualora i dati non siano raccolti presso l\u2019interessato, conoscere tutte le informazioni disponibili sulla loro origine; revocare il consenso al trattamento dei Suoi dati personali senza tuttavia pregiudicare la liceit\u00e0 del trattamento basato sul consenso prestato prima della revoca; proporre reclamo ad un\u2019autorit\u00e0 competente, in Italia l\u2019Autorit\u00e0 Garante per la Protezione dei Dati Personali, con sede in Piazza Venezia, 11, Roma.<\/p>\n<p>\u2666 Per l\u2019esercizio dei diritti e per qualsiasi informazione inerente il trattamento dei Suoi dati, Lei potr\u00e0 inviare una mail al seguente indirizzo: <a href=\"mailto:congressi@korilu.it\">congressi@korilu.it<\/a><\/p>\t\t\t\t\t\t\t\t<\/div>\n\t\t\t\t<div class=\"elementor-element elementor-element-cbce7b8 elementor-widget elementor-widget-heading\" data-id=\"cbce7b8\" data-element_type=\"widget\" data-e-type=\"widget\" data-widget_type=\"heading.default\">\n\t\t\t\t\t<h2 class=\"elementor-heading-title elementor-size-default wp-block-heading\">Cookie Policy<\/h2>\t\t\t\t<\/div>\n\t\t\t\t<div class=\"elementor-element elementor-element-dfb1ef7 elementor-widget elementor-widget-text-editor\" data-id=\"dfb1ef7\" data-element_type=\"widget\" data-e-type=\"widget\" data-widget_type=\"text-editor.default\">\n\t\t\t\t\t\t\t\t\t<p><strong>1.\u00a0 \u00a0Definizioni e Utilizzo<\/strong><\/p>\n<p>In termini pratici e non specialistici, un cookie \u00e8 simile ad un piccolo file, memorizzato nel\u00a0computer\u00a0da siti web durante la navigazione, utile a salvare le preferenze e a migliorare le prestazioni dei siti web. In questo modo si ottimizza l&#8217;esperienza di navigazione da parte dell&#8217;utente.<\/p>\n<p>Proprio grazie ai cookie un sito ricorda le azioni e preferenze dell&#8217;utente (come, ad esempio, la lingua prescelta, le dimensioni dei caratteri, altre impostazioni di visualizzazione, ecc.) in modo che non debbano essere indicate nuovamente quando l&#8217;utente torni a visitare detto sito o navighi da una pagina all&#8217;altra di esso. I cookie, quindi, sono usati per eseguire monitoraggio di sessioni e memorizzazione di informazioni riguardanti le attivit\u00e0 degli utenti che visualizzano un sito e possono contenere anche un codice identificativo unico che consente di tenere traccia della navigazione dell&#8217;utente all&#8217;interno del sito stesso per finalit\u00e0 statistiche o pubblicitarie. Nel corso della navigazione su un sito, l&#8217;utente pu\u00f2 ricevere sul suo computer anche cookie di siti o di web server diversi da quello che sta visitando (c.d. cookie di &#8220;terze parti&#8221;). Alcune operazioni non potrebbero essere compiute senza l&#8217;uso dei cookie, che in certi casi sono quindi tecnicamente necessari per lo stesso funzionamento del sito.<\/p>\n<p>Sebbene i cookie consentano al sito di identificare il device dell\u2019utente attraverso le informazioni in esso memorizzate, ogni volta che l\u2019utente si ricollega con lo stesso dispositivo, \u00e8 bene considerare che i cookie non raccolgono informazioni direttamente identificative dell\u2019utente. Infatti, Koril\u00f9 srl non pu\u00f2, attraverso i cookie, risalire a nessuna informazione personale (ad esempio nome e cognome), salvo che non venga fornita direttamente dall\u2019utente. Inoltre, un altro sito web non pu\u00f2 utilizzare un cookie rilasciato dal presente sito per accedere ad altre informazioni contenute nel dispositivo dell\u2019utente: una volta salvato, il cookie pu\u00f2 essere letto solo dal sito web che lo ha creato.<\/p>\n<p><strong>2.\u00a0 \u00a0Caratteristiche dei Cookie<\/strong><\/p>\n<p>Esistono vari tipi di cookie, a seconda delle loro caratteristiche e funzioni.<\/p>\n<p>In base alla normativa vigente in Italia, per l&#8217;utilizzo dei cookie non sempre \u00e8 richiesto un espresso consenso dell&#8217;utente. In particolare, non richiedono tale consenso i &#8220;cookie tecnici&#8221;, cio\u00e8 quelli utilizzati al solo fine di effettuare la trasmissione di una comunicazione su una rete di comunicazione elettronica, o nella misura strettamente necessaria per erogare un servizio esplicitamente richiesto dall&#8217;utente. Si tratta, in altre parole, di cookie indispensabili per il funzionamento del sito o necessari per eseguire attivit\u00e0 richieste dall&#8217;utente.<\/p>\n<p>Tra i cookie tecnici, che non richiedono un consenso espresso per il loro utilizzo, il Garante per la protezione dei dati personali italiano (cfr. Provvedimento Individuazione delle modalit\u00e0 semplificate per l&#8217;informativa e l&#8217;acquisizione del consenso per l&#8217;uso dei cookie dell&#8217;8 maggio 2014 e successivi chiarimenti) ricomprende anche:<\/p>\n<ul>\n<li>i cookie di navigazione o di sessione<\/li>\n<li>i &#8220;cookie analytics&#8221; laddove utilizzati direttamente dal gestore del sito per raccogliere informazioni, in forma aggregata, sul numero degli utenti e su come questi visitano il sito stesso<\/li>\n<li>i cookie di funzionalit\u00e0, che permettono all&#8217;utente la navigazione in funzione di una serie di criteri selezionati al fine di migliorare il servizio reso allo stesso.<\/li>\n<\/ul>\n<p><strong>3.\u00a0 \u00a0Tipologie di Cookie Utilizzati<\/strong><\/p>\n<p>Koril\u00f9 srl utilizza le seguenti tipologie di cookies:<\/p>\n<ul>\n<li><strong>Cookie di Navigazione o di Sessione:<\/strong><\/li>\n<\/ul>\n<p>Questi cookie tecnici sono strettamente necessari per permettere la normale navigazione e fruizione del sito web. Questa tipologia di cookie pu\u00f2 essere poi distinta in ragione della loro persistenza sul terminale dell\u2019utente: quelli che si cancellano automaticamente alla fine di ogni navigazione, si chiamano \u201ccookie di sessione\u201d. Se viceversa essi hanno una vita pi\u00f9 lunga, si parla di \u201ccookie permanenti\u201d. La disattivazione dei suddetti cookie tecnici di navigazione e di sessione pu\u00f2 compromettere la gestione della Sua stessa sessione di navigazione, rendendo le attivit\u00e0 sul sito, pi\u00f9 complicate e meno sicure.<\/p>\n<ul>\n<li><strong>Cookie Analytics:<\/strong><\/li>\n<\/ul>\n<p>Questi cookie tecnici sono strettamente necessari per permettere la raccolta di informazioni, in forma aggregata, sul numero degli utenti e su come questi visitano il sito stesso. I cookie analytics sono assimilati ai cookie tecnici laddove utilizzati direttamente dal gestore del sito per raccogliere informazioni, in forma aggregata, sul numero degli utenti e su come questi visitano il sito stesso: per l&#8217;installazione di tali cookie non \u00e8 richiesto il preventivo consenso dell\u2019utente. Questo sito utilizza Google Analytics, un servizio di analisi web fornito da Google Inc. per la generazione di statistiche sull&#8217;utilizzo del portale web (si rimanda al punto <em>3.1. Google Analytics<\/em> per maggiori informazioni)<\/p>\n<p>Tali cookie sono installati direttamente da Koril\u00f9 srl e, poich\u00e9 non vengono utilizzati per scopi ulteriori rispetto a quelli funzionali sopra descritti, la loro installazione non richiede il consenso dell\u2019utente ma se si desidera procedere alla loro disattivazione \u00e8 possibile farlo attraverso le impostazioni del browser come indicato al successivo punto <em>4. Per disabilitare tutti i cookie<\/em>.<\/p>\n<p><strong>3.1.\u00a0 Google Analytics<\/strong><\/p>\n<p>Il sito include anche talune componenti trasmesse da Google Analytics, un servizio di analisi del traffico web fornito da Google, Inc. (\u201cGoogle\u201d). Anche in questo caso si tratta di cookie di terze parti raccolti e gestiti in modo anonimo per monitorare e migliorare le prestazioni del sito ospite (performance cookie).<\/p>\n<p>Google Analytics utilizza i &#8220;cookie&#8221; per raccogliere e analizzare in forma anonima le informazioni sui comportamenti di utilizzo del sito web (compreso l&#8217;indirizzo IP dell&#8217;utente). Tali informazioni vengono raccolte da Google Analytics, che le elabora allo scopo di redigere report per gli operatori riguardante le attivit\u00e0 sul sito web stesso. Questo sito non utilizza (e non consente a terzi di utilizzare) lo strumento di analisi di Google per monitorare o per raccogliere informazioni personali di identificazione. Google non associa l&#8217;indirizzo IP a nessun altro dato posseduto da Google n\u00e9 cerca di collegare un indirizzo IP con l&#8217;identit\u00e0 di un utente. Google pu\u00f2 anche comunicare queste informazioni a terzi ove ci\u00f2 sia imposto dalla legge o laddove tali terzi trattino le suddette informazioni per conto di Google.<\/p>\n<p>Per ulteriori informazioni, si rinvia al link di seguito indicato: <a href=\"https:\/\/www.google.it\/policies\/privacy\/partners\/\"><span style=\"font-size: 16px;\">https:\/\/www.google.it\/policies\/privacy\/partners\/<\/span><\/a><\/p>\n<p>L&#8217;utente pu\u00f2 disabilitare in modo selettivo l&#8217;azione di Google Analytics installando sul proprio browser la componente di opt-out fornito da Google. Per disabilitare l&#8217;azione di Google Analytics, si rinvia al link di seguito indicato: <a href=\"https:\/\/tools.google.com\/dlpage\/gaoptout\"><span style=\"font-size: 16px;\">https:\/\/tools.google.com\/dlpage\/gaoptout<\/span><\/a><\/p>\n<p><strong>3.2.\u00a0 Plug-in Social<\/strong><\/p>\n<p>Questi &#8220;pulsanti sociali&#8221; sono visibili sul nostro sito web per consentire di condividere i contenuti attraverso i social network, tra cui Facebook, Twitter, LinkedIn e Instagram. I cookie sono depositati da queste piattaforme sul nostro sito, per permettere loro di raccogliere informazioni sulla vostra navigazione.<\/p>\n<p>Per ulteriori informazioni sulla gestione dei cookie e l&#8217;informativa sulla privacy di:<\/p>\n<ul>\n<li><strong>Facebook<\/strong>:<a href=\"https:\/\/www.facebook.com\/policies\/cookies\/\"> Cookie Policy\u00a0<\/a><\/li>\n<li><strong>Twitter<\/strong>: <a href=\"https:\/\/twitter.com\/privacy?lang=it\">Cookie Policy\u00a0<\/a><\/li>\n<li><strong>LinkedIn<\/strong>: <a href=\"https:\/\/it.linkedin.com\/legal\/cookie-policy\">Cookie Policy\u00a0<\/a><\/li>\n<li><strong>Instagram<\/strong>: <a href=\"https:\/\/help.instagram.com\/519522125107875\/\">Cookie Policy\u00a0<\/a><\/li>\n<\/ul>\n<p><strong>4.\u00a0 \u00a0Per disabilitare tutti i cookie<\/strong><\/p>\n<p>\u00c8 possibile negare il consenso all\u2019utilizzo dei cookie selezionando l&#8217;impostazione appropriata sul proprio browser. Si forniscono di seguito i link che spiegano come disabilitare i cookie per i browser pi\u00f9 diffusi (per altri browser eventualmente utilizzati suggeriamo di cercare questa opzione nell\u2019help del software).<\/p>\n<p>Internet Explorer: <a href=\"http:\/\/windows.microsoft.com\/it-IT\/internet-explorer\/delete-manage-cookies#ie=ie-10\">http:\/\/windows.microsoft.com\/it-IT\/internet-explorer\/delete-manage-cookies#ie=ie-10\u00a0<\/a><\/p>\n<p>Google Chrome: <a href=\"https:\/\/support.google.com\/chrome\/answer\/95647?hl=it\">https:\/\/support.google.com\/chrome\/answer\/95647?hl=it<\/a><\/p>\n<p>Mozilla Firefox:\u00a0 <a href=\"http:\/\/support.mozilla.org\/it\/kb\/Gestione%20dei%20cookie?redirectlocale=en-US&amp;redirectslug=Cookies\">http:\/\/support.mozilla.org\/it\/kb\/Gestione%20dei%20cookie?redirectlocale=en-US&amp;redirectslug=Cookies<\/a><\/p>\n<p>Opera: <a href=\"http:\/\/help.opera.com\/Windows\/10.00\/it\/cookies.html\">http:\/\/help.opera.com\/Windows\/10.00\/it\/cookies.html<\/a><\/p>\n<p>Apple Safari:\u00a0 <a href=\"http:\/\/www.apple.com\/it\/privacy\/use-of-cookies\/\">http:\/\/www.apple.com\/it\/privacy\/use-of-cookies\/<\/a><\/p>\n<p>Per maggiori informazioni Vi invitiamo ad accedere al sito <a href=\"http:\/\/www.youronlinechoices.com\/it\/\">Youronlinechoices<\/a> proposto dalle societ\u00e0 di pubblicit\u00e0 digitale professionali raggruppate in seno all&#8217;Associazione europea EDAA (European Digital Advertising Alliance) e gestito in Italia dall&#8217;<a href=\"http:\/\/www.iab.it\/\">Interactive Advertising Bureau Italia<\/a>.<\/p>\t\t\t\t\t\t\t\t<\/div>\n\t\t\t\t\t<\/div>\n\t\t\t\t<\/div>\n\t\t\t\t<\/div>\n\t\t","protected":false},"excerpt":{"rendered":"<p>Privacy Policy Koril\u00f9 srl, in qualit\u00e0 di Titolare del trattamento dei dati personali, tratter\u00e0 \u2013 per le finalit\u00e0 e le [&hellip;]<\/p>\n","protected":false},"author":3,"featured_media":0,"parent":0,"menu_order":0,"comment_status":"closed","ping_status":"closed","template":"","meta":{"site-sidebar-layout":"default","site-content-layout":"","ast-site-content-layout":"default","site-content-style":"default","site-sidebar-style":"default","ast-global-header-display":"","ast-banner-title-visibility":"","ast-main-header-display":"","ast-hfb-above-header-display":"","ast-hfb-below-header-display":"","ast-hfb-mobile-header-display":"","site-post-title":"disabled","ast-breadcrumbs-content":"","ast-featured-img":"","footer-sml-layout":"","ast-disable-related-posts":"","theme-transparent-header-meta":"","adv-header-id-meta":"","stick-header-meta":"","header-above-stick-meta":"","header-main-stick-meta":"","header-below-stick-meta":"","astra-migrate-meta-layouts":"default","ast-page-background-enabled":"default","ast-page-background-meta":{"desktop":{"background-color":"var(--ast-global-color-5)","background-image":"","background-repeat":"repeat","background-position":"center center","background-size":"auto","background-attachment":"scroll","background-type":"","background-media":"","overlay-type":"","overlay-color":"","overlay-opacity":"","overlay-gradient":""},"tablet":{"background-color":"","background-image":"","background-repeat":"repeat","background-position":"center center","background-size":"auto","background-attachment":"scroll","background-type":"","background-media":"","overlay-type":"","overlay-color":"","overlay-opacity":"","overlay-gradient":""},"mobile":{"background-color":"","background-image":"","background-repeat":"repeat","background-position":"center center","background-size":"auto","background-attachment":"scroll","background-type":"","background-media":"","overlay-type":"","overlay-color":"","overlay-opacity":"","overlay-gradient":""}},"ast-content-background-meta":{"desktop":{"background-color":"var(--ast-global-color-4)","background-image":"","background-repeat":"repeat","background-position":"center center","background-size":"auto","background-attachment":"scroll","background-type":"","background-media":"","overlay-type":"","overlay-color":"","overlay-opacity":"","overlay-gradient":""},"tablet":{"background-color":"var(--ast-global-color-4)","background-image":"","background-repeat":"repeat","background-position":"center center","background-size":"auto","background-attachment":"scroll","background-type":"","background-media":"","overlay-type":"","overlay-color":"","overlay-opacity":"","overlay-gradient":""},"mobile":{"background-color":"var(--ast-global-color-4)","background-image":"","background-repeat":"repeat","background-position":"center center","background-size":"auto","background-attachment":"scroll","background-type":"","background-media":"","overlay-type":"","overlay-color":"","overlay-opacity":"","overlay-gradient":""}},"footnotes":""},"class_list":["post-3","page","type-page","status-publish","hentry"],"_links":{"self":[{"href":"https:\/\/korilu.it\/w\/wp-json\/wp\/v2\/pages\/3","targetHints":{"allow":["GET"]}}],"collection":[{"href":"https:\/\/korilu.it\/w\/wp-json\/wp\/v2\/pages"}],"about":[{"href":"https:\/\/korilu.it\/w\/wp-json\/wp\/v2\/types\/page"}],"author":[{"embeddable":true,"href":"https:\/\/korilu.it\/w\/wp-json\/wp\/v2\/users\/3"}],"replies":[{"embeddable":true,"href":"https:\/\/korilu.it\/w\/wp-json\/wp\/v2\/comments?post=3"}],"version-history":[{"count":4,"href":"https:\/\/korilu.it\/w\/wp-json\/wp\/v2\/pages\/3\/revisions"}],"predecessor-version":[{"id":125,"href":"https:\/\/korilu.it\/w\/wp-json\/wp\/v2\/pages\/3\/revisions\/125"}],"wp:attachment":[{"href":"https:\/\/korilu.it\/w\/wp-json\/wp\/v2\/media?parent=3"}],"curies":[{"name":"wp","href":"https:\/\/api.w.org\/{rel}","templated":true}]}}