{"id":365,"date":"2026-03-08T16:53:38","date_gmt":"2026-03-08T15:53:38","guid":{"rendered":"https:\/\/korilu.it\/w\/?page_id=365"},"modified":"2026-03-08T17:00:45","modified_gmt":"2026-03-08T16:00:45","slug":"eventi-sportivi","status":"publish","type":"page","link":"https:\/\/korilu.it\/w\/promozioni-fidelizzazioni\/eventi-sportivi\/","title":{"rendered":"Eventi sportivi"},"content":{"rendered":"\t\t<div data-elementor-type=\"wp-page\" data-elementor-id=\"365\" class=\"elementor elementor-365\" data-elementor-post-type=\"page\">\n\t\t\t\t<div class=\"elementor-element elementor-element-346d496 e-flex e-con-boxed e-con e-parent\" data-id=\"346d496\" data-element_type=\"container\" data-e-type=\"container\">\n\t\t\t\t\t<div class=\"e-con-inner\">\n\t\t\t\t<div class=\"elementor-element elementor-element-1983781 elementor-widget elementor-widget-image\" data-id=\"1983781\" data-element_type=\"widget\" data-e-type=\"widget\" data-widget_type=\"image.default\">\n\t\t\t\t\t\t\t\t\t\t\t\t\t\t\t<img fetchpriority=\"high\" decoding=\"async\" width=\"768\" height=\"386\" src=\"https:\/\/korilu.it\/w\/wp-content\/uploads\/2026\/03\/palle-sport-768x386.jpg\" class=\"attachment-medium_large size-medium_large wp-image-361\" alt=\"\" srcset=\"https:\/\/korilu.it\/w\/wp-content\/uploads\/2026\/03\/palle-sport-768x386.jpg 768w, https:\/\/korilu.it\/w\/wp-content\/uploads\/2026\/03\/palle-sport-300x151.jpg 300w, https:\/\/korilu.it\/w\/wp-content\/uploads\/2026\/03\/palle-sport-1024x514.jpg 1024w, https:\/\/korilu.it\/w\/wp-content\/uploads\/2026\/03\/palle-sport-600x301.jpg 600w, https:\/\/korilu.it\/w\/wp-content\/uploads\/2026\/03\/palle-sport.jpg 1471w\" sizes=\"(max-width: 768px) 100vw, 768px\" \/>\t\t\t\t\t\t\t\t\t\t\t\t\t\t\t<\/div>\n\t\t\t\t\t<\/div>\n\t\t\t\t<\/div>\n\t\t<div class=\"elementor-element elementor-element-1ba9af4 e-flex e-con-boxed e-con e-parent\" data-id=\"1ba9af4\" data-element_type=\"container\" data-e-type=\"container\">\n\t\t\t\t\t<div class=\"e-con-inner\">\n\t\t\t\t<div class=\"elementor-element elementor-element-c09d6a5 elementor-widget elementor-widget-text-editor\" data-id=\"c09d6a5\" data-element_type=\"widget\" data-e-type=\"widget\" data-widget_type=\"text-editor.default\">\n\t\t\t\t\t\t\t\t\t<div class=\"wppb-row-parent  wppb-row-1600442727062 \"><div class=\"wppb-container \"><div class=\"wppb-row\"><div class=\"wppb-column-parent wppb-column-parent-view wppb-col-1600442727061  \"><div class=\"wppb-column\"><div class=\"wppb-builder-addons\"><div class=\"wppb-builder-addon wppb-addon-1600443774222\" data-addon-id=\"1600443774222\"><div class=\"wppb-addon\"><div class=\"wppb-text-block-addon\"><div class=\"wppb-text-block-content 0\"><p><em>&#8220;Lo Sport \u00e8 passione&#8230; vivilo insieme a Noi&#8221;<\/em><\/p><\/div><\/div><\/div><\/div><\/div><\/div><\/div><\/div><\/div><\/div><div class=\"wppb-row-parent  wppb-row-1600442726858 \"><div class=\"wppb-container \"><div class=\"wppb-row\"><div class=\"wppb-column-parent wppb-column-parent-view wppb-col-1600442726857  \"><div class=\"wppb-column\"><div class=\"wppb-builder-addons\"><div class=\"wppb-builder-addon wppb-addon-1600443561844\" data-addon-id=\"1600443561844\"><div class=\"wppb-addon\"><div class=\"wppb-headline-addon\"><div class=\"wppb-headline-content\"><h2 class=\"wppb-addon-title\">Eventi sportivi<\/h2><\/div><\/div><\/div><\/div><div class=\"wppb-row-parent wppb-inner-row-parent wppb-row-1600442726859 \"><div class=\"wppb-container\"><div class=\"wppb-row\"><div class=\"wppb-column-parent wppb-column-parent-view wppb-col-1600442726860  \"><div class=\"wppb-column\"><div class=\"wppb-builder-addons\"><div class=\"wppb-builder-addon wppb-addon-1600443596439   \"><div class=\"wppb-inner_addon\"><div class=\"wppb-text-block-addon\"><div class=\"wppb-text-block-content 0\"><p>Koril\u00f9 offre alle Aziende la possibilit\u00e0 di\u00a0<strong>prenotare biglietti per eventi sportivi<\/strong>\u00a0di rilevanza internazionale e di creare\u00a0<strong>pacchetti ospitalit\u00e0<\/strong>, consentendo ai vostri clienti di partecipare in maniera\u00a0<strong>esclusiva<\/strong>\u00a0e di sentirsi\u00a0<strong>protagonisti<\/strong>!<\/p><p>Con noi troverete sicuramente la soluzione pi\u00f9 adatta per far vivere ai vostri ospiti una\u00a0<strong>prestigiosa ed esclusiva esperienza<\/strong>\u00a0che ricorderanno a lungo!<\/p><\/div><\/div><\/div><\/div><\/div><\/div><\/div><\/div><\/div><\/div><\/div><\/div><\/div><\/div><\/div><\/div>\t\t\t\t\t\t\t\t<\/div>\n\t\t\t\t\t<\/div>\n\t\t\t\t<\/div>\n\t\t<div class=\"elementor-element elementor-element-faebbb2 e-flex e-con-boxed e-con e-parent\" data-id=\"faebbb2\" data-element_type=\"container\" data-e-type=\"container\">\n\t\t\t\t\t<div class=\"e-con-inner\">\n\t\t<div class=\"elementor-element elementor-element-e516289 e-con-full e-flex e-con e-child\" data-id=\"e516289\" data-element_type=\"container\" data-e-type=\"container\">\n\t\t\t\t<div class=\"elementor-element elementor-element-d4a412e elementor-widget elementor-widget-image\" data-id=\"d4a412e\" data-element_type=\"widget\" data-e-type=\"widget\" data-widget_type=\"image.default\">\n\t\t\t\t\t\t\t\t\t\t\t\t<figure class=\"wp-caption\">\n\t\t\t\t\t\t\t\t\t\t<img decoding=\"async\" width=\"435\" height=\"326\" src=\"https:\/\/korilu.it\/w\/wp-content\/uploads\/2026\/03\/sport-rio-2014.jpg\" class=\"attachment-large size-large wp-image-367\" alt=\"\" srcset=\"https:\/\/korilu.it\/w\/wp-content\/uploads\/2026\/03\/sport-rio-2014.jpg 435w, https:\/\/korilu.it\/w\/wp-content\/uploads\/2026\/03\/sport-rio-2014-300x225.jpg 300w\" sizes=\"(max-width: 435px) 100vw, 435px\" \/>\t\t\t\t\t\t\t\t\t\t\t<figcaption class=\"widget-image-caption wp-caption-text\">Rio de Janeiro, Spiaggia di Copacabana, Mondiali di Calcio 2014<\/figcaption>\n\t\t\t\t\t\t\t\t\t\t<\/figure>\n\t\t\t\t\t\t\t\t\t<\/div>\n\t\t\t\t<\/div>\n\t\t<div class=\"elementor-element elementor-element-5c25236 e-con-full e-flex e-con e-child\" data-id=\"5c25236\" data-element_type=\"container\" data-e-type=\"container\">\n\t\t\t\t<div class=\"elementor-element elementor-element-99c677e elementor-widget elementor-widget-text-editor\" data-id=\"99c677e\" data-element_type=\"widget\" data-e-type=\"widget\" data-widget_type=\"text-editor.default\">\n\t\t\t\t\t\t\t\t\t<p>Unitamente alla vendita del singolo biglietto per manifestazioni sportive, concerti, eventi, mostre e grandi esposizoni, siamo in grado di darvi una serie di servizi unici prima e dopo l&#8217;evento, consentendo ai vostri clienti di partecipare in\u00a0maniera esclusiva e di sentirsi\u00a0 protagonisti!<\/p><p><em><strong>Richiedete un preventivo!<\/strong><\/em><\/p>\t\t\t\t\t\t\t\t<\/div>\n\t\t\t\t<\/div>\n\t\t\t\t\t<\/div>\n\t\t\t\t<\/div>\n\t\t<div class=\"elementor-element elementor-element-abb7630 e-flex e-con-boxed e-con e-parent\" data-id=\"abb7630\" data-element_type=\"container\" data-e-type=\"container\">\n\t\t\t\t\t<div class=\"e-con-inner\">\n\t\t<div class=\"elementor-element elementor-element-d74779d e-con-full e-flex e-con e-child\" data-id=\"d74779d\" data-element_type=\"container\" data-e-type=\"container\">\n\t\t\t\t<div class=\"elementor-element elementor-element-3f8171e elementor-widget elementor-widget-image\" data-id=\"3f8171e\" data-element_type=\"widget\" data-e-type=\"widget\" data-widget_type=\"image.default\">\n\t\t\t\t\t\t\t\t\t\t\t\t\t\t\t<img decoding=\"async\" width=\"666\" height=\"329\" src=\"https:\/\/korilu.it\/w\/wp-content\/uploads\/2026\/03\/sport-uefa.png\" class=\"attachment-large size-large wp-image-370\" alt=\"\" srcset=\"https:\/\/korilu.it\/w\/wp-content\/uploads\/2026\/03\/sport-uefa.png 666w, https:\/\/korilu.it\/w\/wp-content\/uploads\/2026\/03\/sport-uefa-300x148.png 300w, https:\/\/korilu.it\/w\/wp-content\/uploads\/2026\/03\/sport-uefa-600x296.png 600w\" sizes=\"(max-width: 666px) 100vw, 666px\" \/>\t\t\t\t\t\t\t\t\t\t\t\t\t\t\t<\/div>\n\t\t\t\t<\/div>\n\t\t<div class=\"elementor-element elementor-element-0a3e1d2 e-con-full e-flex e-con e-child\" data-id=\"0a3e1d2\" data-element_type=\"container\" data-e-type=\"container\">\n\t\t\t\t<div class=\"elementor-element elementor-element-b7af9b3 elementor-widget elementor-widget-image\" data-id=\"b7af9b3\" data-element_type=\"widget\" data-e-type=\"widget\" data-widget_type=\"image.default\">\n\t\t\t\t\t\t\t\t\t\t\t\t\t\t\t<img loading=\"lazy\" decoding=\"async\" width=\"440\" height=\"312\" src=\"https:\/\/korilu.it\/w\/wp-content\/uploads\/2026\/03\/sport-3.jpg\" class=\"attachment-large size-large wp-image-369\" alt=\"\" srcset=\"https:\/\/korilu.it\/w\/wp-content\/uploads\/2026\/03\/sport-3.jpg 440w, https:\/\/korilu.it\/w\/wp-content\/uploads\/2026\/03\/sport-3-300x213.jpg 300w\" sizes=\"(max-width: 440px) 100vw, 440px\" \/>\t\t\t\t\t\t\t\t\t\t\t\t\t\t\t<\/div>\n\t\t\t\t<\/div>\n\t\t\t\t\t<\/div>\n\t\t\t\t<\/div>\n\t\t<div class=\"elementor-element elementor-element-96d83c1 e-grid e-con-boxed e-con e-parent\" data-id=\"96d83c1\" data-element_type=\"container\" data-e-type=\"container\">\n\t\t\t\t\t<div class=\"e-con-inner\">\n\t\t\t\t<div class=\"elementor-element elementor-element-e464f5f elementor-widget elementor-widget-text-editor\" data-id=\"e464f5f\" data-element_type=\"widget\" data-e-type=\"widget\" data-widget_type=\"text-editor.default\">\n\t\t\t\t\t\t\t\t\t<div class=\"wppb-builder-addon wppb-addon-1600445109068\" data-addon-id=\"1600445109068\"><div class=\"wppb-addon\"><div class=\"wppb-headline-addon\"><div class=\"wppb-headline-content\"><h2 class=\"wppb-addon-title\">Sky Box Konicab<\/h2><\/div><\/div><\/div><\/div><div class=\"wppb-row-parent wppb-inner-row-parent wppb-row-1600444940009 \"><div class=\"wppb-container\"><div class=\"wppb-row\"><div class=\"wppb-column-parent wppb-column-parent-view wppb-col-1600444940010  \"><div class=\"wppb-column\"><div class=\"wppb-builder-addons\"><div class=\"wppb-builder-addon wppb-addon-1600445143629   \"><div class=\"wppb-inner_addon\"><div class=\"wppb-text-block-addon\"><div class=\"wppb-text-block-content 0\"><p>Stadio San Siro 15 novembre 2013<\/p><\/div><\/div><\/div><\/div><\/div><\/div><\/div><\/div><\/div><\/div><div class=\"wppb-row-parent wppb-inner-row-parent wppb-row-1600444940011 \"><div class=\"wppb-container\"><div class=\"wppb-row\"><div class=\"wppb-column-parent wppb-column-parent-view wppb-col-1600444940012  \"><div class=\"wppb-column\"><div class=\"wppb-builder-addons\"><div class=\"wppb-builder-addon wppb-addon-1600445162685   \"><div class=\"wppb-inner_addon\"><div class=\"wppb-text-block-addon\"><div class=\"wppb-text-block-content 0\"><p><strong>Italia &#8211; Germania<\/strong><\/p><\/div><\/div><\/div><\/div><\/div><\/div><\/div><\/div><\/div><\/div>\t\t\t\t\t\t\t\t<\/div>\n\t\t\t\t<div class=\"elementor-element elementor-element-cfacc58 elementor-widget elementor-widget-image\" data-id=\"cfacc58\" data-element_type=\"widget\" data-e-type=\"widget\" data-widget_type=\"image.default\">\n\t\t\t\t\t\t\t\t\t\t\t\t\t\t\t<img loading=\"lazy\" decoding=\"async\" width=\"260\" height=\"194\" src=\"https:\/\/korilu.it\/w\/wp-content\/uploads\/2026\/03\/skybox1.jpg\" class=\"attachment-medium size-medium wp-image-371\" alt=\"\" \/>\t\t\t\t\t\t\t\t\t\t\t\t\t\t\t<\/div>\n\t\t\t\t<div class=\"elementor-element elementor-element-fe7e191 elementor-widget elementor-widget-image\" data-id=\"fe7e191\" data-element_type=\"widget\" data-e-type=\"widget\" data-widget_type=\"image.default\">\n\t\t\t\t\t\t\t\t\t\t\t\t\t\t\t<img loading=\"lazy\" decoding=\"async\" width=\"300\" height=\"224\" src=\"https:\/\/korilu.it\/w\/wp-content\/uploads\/2026\/03\/skybox2-300x224.jpg\" class=\"attachment-medium size-medium wp-image-368\" alt=\"\" srcset=\"https:\/\/korilu.it\/w\/wp-content\/uploads\/2026\/03\/skybox2-300x224.jpg 300w, https:\/\/korilu.it\/w\/wp-content\/uploads\/2026\/03\/skybox2.jpg 480w\" sizes=\"(max-width: 300px) 100vw, 300px\" \/>\t\t\t\t\t\t\t\t\t\t\t\t\t\t\t<\/div>\n\t\t\t\t\t<\/div>\n\t\t\t\t<\/div>\n\t\t<div class=\"elementor-element elementor-element-7c4b0c2 e-flex e-con-boxed e-con e-parent\" data-id=\"7c4b0c2\" data-element_type=\"container\" data-e-type=\"container\">\n\t\t\t\t\t<div class=\"e-con-inner\">\n\t\t\t\t<div class=\"elementor-element elementor-element-ea89f54 elementor-widget elementor-widget-image\" data-id=\"ea89f54\" data-element_type=\"widget\" data-e-type=\"widget\" data-widget_type=\"image.default\">\n\t\t\t\t\t\t\t\t\t\t\t\t\t\t\t\t<a href=\"mailto:info@korilu.it\">\n\t\t\t\t\t\t\t<img loading=\"lazy\" decoding=\"async\" width=\"1024\" height=\"371\" src=\"https:\/\/korilu.it\/w\/wp-content\/uploads\/2026\/03\/contattaci-maggiori-informazioni-1024x371.png\" class=\"attachment-large size-large wp-image-372\" alt=\"\" srcset=\"https:\/\/korilu.it\/w\/wp-content\/uploads\/2026\/03\/contattaci-maggiori-informazioni-1024x371.png 1024w, https:\/\/korilu.it\/w\/wp-content\/uploads\/2026\/03\/contattaci-maggiori-informazioni-300x109.png 300w, https:\/\/korilu.it\/w\/wp-content\/uploads\/2026\/03\/contattaci-maggiori-informazioni-768x278.png 768w, https:\/\/korilu.it\/w\/wp-content\/uploads\/2026\/03\/contattaci-maggiori-informazioni-1536x556.png 1536w, https:\/\/korilu.it\/w\/wp-content\/uploads\/2026\/03\/contattaci-maggiori-informazioni-600x217.png 600w, https:\/\/korilu.it\/w\/wp-content\/uploads\/2026\/03\/contattaci-maggiori-informazioni.png 1920w\" sizes=\"(max-width: 1024px) 100vw, 1024px\" \/>\t\t\t\t\t\t\t\t<\/a>\n\t\t\t\t\t\t\t\t\t\t\t\t\t\t\t<\/div>\n\t\t\t\t\t<\/div>\n\t\t\t\t<\/div>\n\t\t\t\t<\/div>\n\t\t","protected":false},"excerpt":{"rendered":"<p>&#8220;Lo Sport \u00e8 passione&#8230; vivilo insieme a Noi&#8221; Eventi sportivi Koril\u00f9 offre alle Aziende la possibilit\u00e0 di\u00a0prenotare biglietti per eventi [&hellip;]<\/p>\n","protected":false},"author":3,"featured_media":0,"parent":335,"menu_order":0,"comment_status":"closed","ping_status":"closed","template":"","meta":{"site-sidebar-layout":"no-sidebar","site-content-layout":"","ast-site-content-layout":"full-width-container","site-content-style":"default","site-sidebar-style":"default","ast-global-header-display":"","ast-banner-title-visibility":"","ast-main-header-display":"","ast-hfb-above-header-display":"","ast-hfb-below-header-display":"","ast-hfb-mobile-header-display":"","site-post-title":"disabled","ast-breadcrumbs-content":"","ast-featured-img":"disabled","footer-sml-layout":"","ast-disable-related-posts":"","theme-transparent-header-meta":"","adv-header-id-meta":"","stick-header-meta":"","header-above-stick-meta":"","header-main-stick-meta":"","header-below-stick-meta":"","astra-migrate-meta-layouts":"default","ast-page-background-enabled":"default","ast-page-background-meta":{"desktop":{"background-color":"var(--ast-global-color-5)","background-image":"","background-repeat":"repeat","background-position":"center center","background-size":"auto","background-attachment":"scroll","background-type":"","background-media":"","overlay-type":"","overlay-color":"","overlay-opacity":"","overlay-gradient":""},"tablet":{"background-color":"","background-image":"","background-repeat":"repeat","background-position":"center center","background-size":"auto","background-attachment":"scroll","background-type":"","background-media":"","overlay-type":"","overlay-color":"","overlay-opacity":"","overlay-gradient":""},"mobile":{"background-color":"","background-image":"","background-repeat":"repeat","background-position":"center center","background-size":"auto","background-attachment":"scroll","background-type":"","background-media":"","overlay-type":"","overlay-color":"","overlay-opacity":"","overlay-gradient":""}},"ast-content-background-meta":{"desktop":{"background-color":"var(--ast-global-color-4)","background-image":"","background-repeat":"repeat","background-position":"center center","background-size":"auto","background-attachment":"scroll","background-type":"","background-media":"","overlay-type":"","overlay-color":"","overlay-opacity":"","overlay-gradient":""},"tablet":{"background-color":"var(--ast-global-color-4)","background-image":"","background-repeat":"repeat","background-position":"center center","background-size":"auto","background-attachment":"scroll","background-type":"","background-media":"","overlay-type":"","overlay-color":"","overlay-opacity":"","overlay-gradient":""},"mobile":{"background-color":"var(--ast-global-color-4)","background-image":"","background-repeat":"repeat","background-position":"center center","background-size":"auto","background-attachment":"scroll","background-type":"","background-media":"","overlay-type":"","overlay-color":"","overlay-opacity":"","overlay-gradient":""}},"footnotes":""},"class_list":["post-365","page","type-page","status-publish","hentry"],"_links":{"self":[{"href":"https:\/\/korilu.it\/w\/wp-json\/wp\/v2\/pages\/365","targetHints":{"allow":["GET"]}}],"collection":[{"href":"https:\/\/korilu.it\/w\/wp-json\/wp\/v2\/pages"}],"about":[{"href":"https:\/\/korilu.it\/w\/wp-json\/wp\/v2\/types\/page"}],"author":[{"embeddable":true,"href":"https:\/\/korilu.it\/w\/wp-json\/wp\/v2\/users\/3"}],"replies":[{"embeddable":true,"href":"https:\/\/korilu.it\/w\/wp-json\/wp\/v2\/comments?post=365"}],"version-history":[{"count":4,"href":"https:\/\/korilu.it\/w\/wp-json\/wp\/v2\/pages\/365\/revisions"}],"predecessor-version":[{"id":376,"href":"https:\/\/korilu.it\/w\/wp-json\/wp\/v2\/pages\/365\/revisions\/376"}],"up":[{"embeddable":true,"href":"https:\/\/korilu.it\/w\/wp-json\/wp\/v2\/pages\/335"}],"wp:attachment":[{"href":"https:\/\/korilu.it\/w\/wp-json\/wp\/v2\/media?parent=365"}],"curies":[{"name":"wp","href":"https:\/\/api.w.org\/{rel}","templated":true}]}}