{"id":388,"date":"2026-03-08T17:11:28","date_gmt":"2026-03-08T16:11:28","guid":{"rendered":"https:\/\/korilu.it\/w\/?page_id=388"},"modified":"2026-03-08T17:14:19","modified_gmt":"2026-03-08T16:14:19","slug":"incentive","status":"publish","type":"page","link":"https:\/\/korilu.it\/w\/promozioni-fidelizzazioni\/incentive\/","title":{"rendered":"Incentive"},"content":{"rendered":"\t\t<div data-elementor-type=\"wp-page\" data-elementor-id=\"388\" class=\"elementor elementor-388\" data-elementor-post-type=\"page\">\n\t\t\t\t<div class=\"elementor-element elementor-element-346d496 e-flex e-con-boxed e-con e-parent\" data-id=\"346d496\" data-element_type=\"container\" data-e-type=\"container\">\n\t\t\t\t\t<div class=\"e-con-inner\">\n\t\t\t\t<div class=\"elementor-element elementor-element-1983781 elementor-widget elementor-widget-image\" data-id=\"1983781\" data-element_type=\"widget\" data-e-type=\"widget\" data-widget_type=\"image.default\">\n\t\t\t\t\t\t\t\t\t\t\t\t\t\t\t<img fetchpriority=\"high\" decoding=\"async\" width=\"768\" height=\"512\" src=\"https:\/\/korilu.it\/w\/wp-content\/uploads\/2026\/03\/incentive-768x512.jpg\" class=\"attachment-medium_large size-medium_large wp-image-390\" alt=\"\" srcset=\"https:\/\/korilu.it\/w\/wp-content\/uploads\/2026\/03\/incentive-768x512.jpg 768w, https:\/\/korilu.it\/w\/wp-content\/uploads\/2026\/03\/incentive-300x200.jpg 300w, https:\/\/korilu.it\/w\/wp-content\/uploads\/2026\/03\/incentive-1024x683.jpg 1024w, https:\/\/korilu.it\/w\/wp-content\/uploads\/2026\/03\/incentive-1536x1024.jpg 1536w, https:\/\/korilu.it\/w\/wp-content\/uploads\/2026\/03\/incentive-2048x1366.jpg 2048w, https:\/\/korilu.it\/w\/wp-content\/uploads\/2026\/03\/incentive-600x400.jpg 600w\" sizes=\"(max-width: 768px) 100vw, 768px\" \/>\t\t\t\t\t\t\t\t\t\t\t\t\t\t\t<\/div>\n\t\t\t\t\t<\/div>\n\t\t\t\t<\/div>\n\t\t<div class=\"elementor-element elementor-element-1ba9af4 e-flex e-con-boxed e-con e-parent\" data-id=\"1ba9af4\" data-element_type=\"container\" data-e-type=\"container\">\n\t\t\t\t\t<div class=\"e-con-inner\">\n\t\t\t\t<div class=\"elementor-element elementor-element-c09d6a5 elementor-widget elementor-widget-text-editor\" data-id=\"c09d6a5\" data-element_type=\"widget\" data-e-type=\"widget\" data-widget_type=\"text-editor.default\">\n\t\t\t\t\t\t\t\t\t<div class=\"wppb-row-parent wppb-row-1600442727062 \"><div class=\"wppb-container \"><div class=\"wppb-row\"><div class=\"wppb-column-parent wppb-column-parent-view wppb-col-1600442727061 \"><div class=\"wppb-column\"><div class=\"wppb-builder-addons\"><div class=\"wppb-builder-addon wppb-addon-1600443774222\" data-addon-id=\"1600443774222\"><div class=\"wppb-addon\"><div class=\"wppb-text-block-addon\"><div class=\"wppb-text-block-content 0\"><div class=\"wppb-row-parent wppb-row-1591196214082 \"><div class=\"wppb-container \"><div class=\"wppb-row\"><div class=\"wppb-column-parent wppb-column-parent-view wppb-col-1591196214081 \"><div class=\"wppb-column\"><div class=\"wppb-builder-addons\"><div class=\"wppb-builder-addon wppb-addon-1591197698728\" data-addon-id=\"1591197698728\"><div class=\"wppb-addon\"><div class=\"wppb-headline-addon\"><div class=\"wppb-headline-content\"><div class=\"wppb-builder-addon wppb-addon-1591711918867\" data-addon-id=\"1591711918867\"><div class=\"wppb-addon\"><div class=\"wppb-headline-addon\"><div class=\"wppb-headline-content\"><h2 class=\"wppb-addon-title\">Incentive<\/h2><\/div><\/div><\/div><\/div><div class=\"wppb-row-parent wppb-inner-row-parent wppb-row-1591711124625 \"><div class=\"wppb-container\"><div class=\"wppb-row\"><div class=\"wppb-column-parent wppb-column-parent-view wppb-col-1591711124626 \"><div class=\"wppb-column\"><div class=\"wppb-builder-addons\"><div class=\"wppb-builder-addon wppb-addon-1591711912927 \"><div class=\"wppb-inner_addon\"><div class=\"wppb-text-block-addon\"><div class=\"wppb-text-block-content 0\"><p><strong>&#8220;Il viaggio incentivo \u00e8 l\u2019IMMAGINE dell\u2019AZIENDA: deve sempre dare un RITORNO POSITIVO ed \u00e8 finalizzato a CREARE AGGREGAZIONE E MOTIVAZIONE&#8221;\u00a0<\/strong><\/p><p>Koril\u00f9\u00a0organizza viaggi incentive a misura delle caratteristiche soggettive dell\u2019azienda e dei partecipanti, per far sognare, per comunicare e fidelizzare, per premiare e motivare! Destinazioni in Italia, capitali europee, mete lontane ed esotiche, il viaggio si fa sogno, ricordo, emozione, esperienza, ma anche espressione e immagine dell\u2019azienda. Un messaggio corporate da comunicare, una leva motivazionale per tutti, un&#8217;opportunit\u00e0 di condivisone e un&#8217;occasione per essere protagonisti.<\/p><p>Eventi e conventions parlano con il target di risultati ottenuti, di nuovi prodotti, di strategie ed evoluzioni, di risultati attesi.<\/p><p>Koril\u00f9 cura ogni particolare perch\u00e8 tutto esprima qualit\u00e0: location uniche, entertainment a tema, catering curato, hostess professionali, segreterie organizzative precise ed efficienti fanno dei meeting che realizziamo eventi in grado di consolidare un&#8217;immagine d&#8217;eccellenza.<\/p><p>Koril\u00f9\u00a0grazie ad un team di professionisti della comunicazione \u00e8 in grado di realizzare progetti di comunicazione integrata mirati a valorizzare la\u00a0<em>brand image<\/em>\u00a0dell\u2019azienda.<\/p><p>Il viaggio Incentive \u00e8 il miglior mezzo di supporto per le campagne promozionali, perch\u00e9 l\u2019aspettativa e l\u2019immaginario permettono di mantenere sempre alto il desiderio di raggiungere l\u2019obiettivo, attraverso l\u2019anticipazione mentale dell\u2019esperienza che si vivr\u00e0.<\/p><p>\u00a0<\/p><p>Offriamo supporto per:<\/p><\/div><\/div><\/div><\/div><\/div><\/div><\/div><\/div><\/div><\/div><div class=\"wppb-row-parent wppb-inner-row-parent wppb-row-1591711124713 \"><div class=\"wppb-container\"><div class=\"wppb-row\"><div class=\"wppb-column-parent wppb-column-parent-view wppb-col-1591711124714 \"><div class=\"wppb-column\"><div class=\"wppb-builder-addons\"><div class=\"wppb-builder-addon wppb-addon-1591712527491 \"><div class=\"wppb-inner_addon\"><div class=\"wppb-text-block-addon\"><div class=\"wppb-text-block-content 0\"><ul><li>Analisi\u00a0 degli obiettivi<\/li><li>Ideazione del progetto<\/li><li>Ricerca\u00a0 location e sopralluoghi<\/li><li>Studio gadget e creativit\u00e0<\/li><li>Sviluppo della comunicazione<\/li><li>Personalizzazione del programma<\/li><li>Prenotazione voli, hotel, escursioni<\/li><li>Pianificazione attivit\u00e0 di\u00a0 intrattenimento e teambuilding<\/li><li>Segreteria organizzativa<\/li><li>Brandizzazione location<\/li><li>Creazione grafica dell&#8217;allestimento<\/li><li>Comunicazione dell&#8217;evento<\/li><li>Gestione ospitalit\u00e0<\/li><li>Assistenza tecnica e servizio hostess<\/li><li>Gestione staff dedicato<\/li><li>Selezione e gestione catering<\/li><li>Servizi fotografici, riprese audio e video e realizzazione di dvd<\/li><li>Assistenza operativa durante tutto l&#8217;evento<\/li><\/ul><\/div><\/div><\/div><\/div><\/div><\/div><\/div><div class=\"wppb-column-parent wppb-column-parent-view wppb-col-1591711124824 \"><div class=\"wppb-column\"><div class=\"wppb-builder-addons\"><div class=\"wppb-builder-addon wppb-addon-1591711125089 \"><div class=\"wppb-inner_addon\"><div class=\"wppb-text-block-addon\"><div class=\"wppb-text-block-content 0\">\u00a0<\/div><\/div><\/div><\/div><\/div><\/div><\/div><div class=\"wppb-column-parent wppb-column-parent-view wppb-col-1591711124821 \"><div class=\"wppb-column\"><div class=\"wppb-builder-addons\"><div class=\"wppb-builder-addon wppb-addon-1591711125094 \"><div class=\"wppb-inner_addon\"><div class=\"wppb-text-block-addon\"><div class=\"wppb-text-block-content 0\">\u00a0<\/div><\/div><\/div><\/div><\/div><\/div><\/div><\/div><\/div><\/div><\/div><\/div><\/div><\/div><\/div><\/div><\/div><\/div><\/div><\/div><\/div><\/div><\/div><\/div><\/div><\/div><\/div><\/div><\/div><\/div>\t\t\t\t\t\t\t\t<\/div>\n\t\t\t\t\t<\/div>\n\t\t\t\t<\/div>\n\t\t<div class=\"elementor-element elementor-element-7c4b0c2 e-flex e-con-boxed e-con e-parent\" data-id=\"7c4b0c2\" data-element_type=\"container\" data-e-type=\"container\">\n\t\t\t\t\t<div class=\"e-con-inner\">\n\t\t\t\t<div class=\"elementor-element elementor-element-ea89f54 elementor-widget elementor-widget-image\" data-id=\"ea89f54\" data-element_type=\"widget\" data-e-type=\"widget\" data-widget_type=\"image.default\">\n\t\t\t\t\t\t\t\t\t\t\t\t\t\t\t\t<a href=\"mailto:info@korilu.it\">\n\t\t\t\t\t\t\t<img decoding=\"async\" width=\"1024\" height=\"371\" src=\"https:\/\/korilu.it\/w\/wp-content\/uploads\/2026\/03\/contattaci-maggiori-informazioni-1024x371.png\" class=\"attachment-large size-large wp-image-372\" alt=\"\" srcset=\"https:\/\/korilu.it\/w\/wp-content\/uploads\/2026\/03\/contattaci-maggiori-informazioni-1024x371.png 1024w, https:\/\/korilu.it\/w\/wp-content\/uploads\/2026\/03\/contattaci-maggiori-informazioni-300x109.png 300w, https:\/\/korilu.it\/w\/wp-content\/uploads\/2026\/03\/contattaci-maggiori-informazioni-768x278.png 768w, https:\/\/korilu.it\/w\/wp-content\/uploads\/2026\/03\/contattaci-maggiori-informazioni-1536x556.png 1536w, https:\/\/korilu.it\/w\/wp-content\/uploads\/2026\/03\/contattaci-maggiori-informazioni-600x217.png 600w, https:\/\/korilu.it\/w\/wp-content\/uploads\/2026\/03\/contattaci-maggiori-informazioni.png 1920w\" sizes=\"(max-width: 1024px) 100vw, 1024px\" \/>\t\t\t\t\t\t\t\t<\/a>\n\t\t\t\t\t\t\t\t\t\t\t\t\t\t\t<\/div>\n\t\t\t\t\t<\/div>\n\t\t\t\t<\/div>\n\t\t\t\t<\/div>\n\t\t","protected":false},"excerpt":{"rendered":"<p>Incentive &#8220;Il viaggio incentivo \u00e8 l\u2019IMMAGINE dell\u2019AZIENDA: deve sempre dare un RITORNO POSITIVO ed \u00e8 finalizzato a CREARE AGGREGAZIONE E [&hellip;]<\/p>\n","protected":false},"author":3,"featured_media":0,"parent":335,"menu_order":0,"comment_status":"closed","ping_status":"closed","template":"","meta":{"site-sidebar-layout":"no-sidebar","site-content-layout":"","ast-site-content-layout":"full-width-container","site-content-style":"default","site-sidebar-style":"default","ast-global-header-display":"","ast-banner-title-visibility":"","ast-main-header-display":"","ast-hfb-above-header-display":"","ast-hfb-below-header-display":"","ast-hfb-mobile-header-display":"","site-post-title":"disabled","ast-breadcrumbs-content":"","ast-featured-img":"disabled","footer-sml-layout":"","ast-disable-related-posts":"","theme-transparent-header-meta":"","adv-header-id-meta":"","stick-header-meta":"","header-above-stick-meta":"","header-main-stick-meta":"","header-below-stick-meta":"","astra-migrate-meta-layouts":"default","ast-page-background-enabled":"default","ast-page-background-meta":{"desktop":{"background-color":"var(--ast-global-color-5)","background-image":"","background-repeat":"repeat","background-position":"center center","background-size":"auto","background-attachment":"scroll","background-type":"","background-media":"","overlay-type":"","overlay-color":"","overlay-opacity":"","overlay-gradient":""},"tablet":{"background-color":"","background-image":"","background-repeat":"repeat","background-position":"center center","background-size":"auto","background-attachment":"scroll","background-type":"","background-media":"","overlay-type":"","overlay-color":"","overlay-opacity":"","overlay-gradient":""},"mobile":{"background-color":"","background-image":"","background-repeat":"repeat","background-position":"center center","background-size":"auto","background-attachment":"scroll","background-type":"","background-media":"","overlay-type":"","overlay-color":"","overlay-opacity":"","overlay-gradient":""}},"ast-content-background-meta":{"desktop":{"background-color":"var(--ast-global-color-4)","background-image":"","background-repeat":"repeat","background-position":"center center","background-size":"auto","background-attachment":"scroll","background-type":"","background-media":"","overlay-type":"","overlay-color":"","overlay-opacity":"","overlay-gradient":""},"tablet":{"background-color":"var(--ast-global-color-4)","background-image":"","background-repeat":"repeat","background-position":"center center","background-size":"auto","background-attachment":"scroll","background-type":"","background-media":"","overlay-type":"","overlay-color":"","overlay-opacity":"","overlay-gradient":""},"mobile":{"background-color":"var(--ast-global-color-4)","background-image":"","background-repeat":"repeat","background-position":"center center","background-size":"auto","background-attachment":"scroll","background-type":"","background-media":"","overlay-type":"","overlay-color":"","overlay-opacity":"","overlay-gradient":""}},"footnotes":""},"class_list":["post-388","page","type-page","status-publish","hentry"],"_links":{"self":[{"href":"https:\/\/korilu.it\/w\/wp-json\/wp\/v2\/pages\/388","targetHints":{"allow":["GET"]}}],"collection":[{"href":"https:\/\/korilu.it\/w\/wp-json\/wp\/v2\/pages"}],"about":[{"href":"https:\/\/korilu.it\/w\/wp-json\/wp\/v2\/types\/page"}],"author":[{"embeddable":true,"href":"https:\/\/korilu.it\/w\/wp-json\/wp\/v2\/users\/3"}],"replies":[{"embeddable":true,"href":"https:\/\/korilu.it\/w\/wp-json\/wp\/v2\/comments?post=388"}],"version-history":[{"count":4,"href":"https:\/\/korilu.it\/w\/wp-json\/wp\/v2\/pages\/388\/revisions"}],"predecessor-version":[{"id":393,"href":"https:\/\/korilu.it\/w\/wp-json\/wp\/v2\/pages\/388\/revisions\/393"}],"up":[{"embeddable":true,"href":"https:\/\/korilu.it\/w\/wp-json\/wp\/v2\/pages\/335"}],"wp:attachment":[{"href":"https:\/\/korilu.it\/w\/wp-json\/wp\/v2\/media?parent=388"}],"curies":[{"name":"wp","href":"https:\/\/api.w.org\/{rel}","templated":true}]}}