{"id":526,"date":"2026-03-08T18:43:07","date_gmt":"2026-03-08T17:43:07","guid":{"rendered":"https:\/\/korilu.it\/w\/?page_id=526"},"modified":"2026-03-08T18:48:45","modified_gmt":"2026-03-08T17:48:45","slug":"congresses","status":"publish","type":"page","link":"https:\/\/korilu.it\/w\/en\/congresses\/","title":{"rendered":"Congresses"},"content":{"rendered":"\t\t<div data-elementor-type=\"wp-page\" data-elementor-id=\"526\" class=\"elementor elementor-526\" data-elementor-post-type=\"page\">\n\t\t\t\t<div class=\"elementor-element elementor-element-f5a2e01 e-flex e-con-boxed e-con e-parent\" data-id=\"f5a2e01\" data-element_type=\"container\" data-e-type=\"container\">\n\t\t\t\t\t<div class=\"e-con-inner\">\n\t\t\t\t<div class=\"elementor-element elementor-element-c21c6b1 elementor-widget elementor-widget-image\" data-id=\"c21c6b1\" data-element_type=\"widget\" data-e-type=\"widget\" data-widget_type=\"image.default\">\n\t\t\t\t\t\t\t\t\t\t\t\t\t\t\t<img fetchpriority=\"high\" decoding=\"async\" width=\"1024\" height=\"574\" src=\"https:\/\/korilu.it\/w\/wp-content\/uploads\/2026\/01\/congress-1024x574.jpg\" class=\"attachment-large size-large wp-image-175\" alt=\"\" srcset=\"https:\/\/korilu.it\/w\/wp-content\/uploads\/2026\/01\/congress-1024x574.jpg 1024w, https:\/\/korilu.it\/w\/wp-content\/uploads\/2026\/01\/congress-600x336.jpg 600w, https:\/\/korilu.it\/w\/wp-content\/uploads\/2026\/01\/congress-300x168.jpg 300w, https:\/\/korilu.it\/w\/wp-content\/uploads\/2026\/01\/congress-768x431.jpg 768w, https:\/\/korilu.it\/w\/wp-content\/uploads\/2026\/01\/congress.jpg 1500w\" sizes=\"(max-width: 1024px) 100vw, 1024px\" \/>\t\t\t\t\t\t\t\t\t\t\t\t\t\t\t<\/div>\n\t\t\t\t\t<\/div>\n\t\t\t\t<\/div>\n\t\t<div class=\"elementor-element elementor-element-72c112b e-flex e-con-boxed e-con e-parent\" data-id=\"72c112b\" data-element_type=\"container\" data-e-type=\"container\">\n\t\t\t\t\t<div class=\"e-con-inner\">\n\t\t\t\t<div class=\"elementor-element elementor-element-84076e5 elementor-widget elementor-widget-heading\" data-id=\"84076e5\" data-element_type=\"widget\" data-e-type=\"widget\" data-widget_type=\"heading.default\">\n\t\t\t\t\t<h2 class=\"elementor-heading-title elementor-size-default\">Congresses Organization<\/h2>\t\t\t\t<\/div>\n\t\t\t\t<div class=\"elementor-element elementor-element-162260f elementor-widget elementor-widget-text-editor\" data-id=\"162260f\" data-element_type=\"widget\" data-e-type=\"widget\" data-widget_type=\"text-editor.default\">\n\t\t\t\t\t\t\t\t\t<p>We manage all aspects of\u00a0<strong>organizing<\/strong>\u00a0<strong>Congresses<\/strong>, Conferences, Itinerant Courses, Workshops, Seminars, Refresher Courses and Events in general.<\/p><p>We support the Organizing Committee, harmonizing the many components of the projects through careful\u00a0<strong>planning and coordination<\/strong>.<\/p><p>We take care of the event in the round:\u00a0<strong>from feasibility study to project design, from budget management to the evaluation and search for possible sponsorships, from overall supervision of the event to the drafting of the final report.<\/strong><\/p>\t\t\t\t\t\t\t\t<\/div>\n\t\t\t\t<div class=\"elementor-element elementor-element-a4a733c elementor-widget elementor-widget-image\" data-id=\"a4a733c\" data-element_type=\"widget\" data-e-type=\"widget\" data-widget_type=\"image.default\">\n\t\t\t\t\t\t\t\t\t\t\t\t\t\t\t<img decoding=\"async\" width=\"768\" height=\"352\" src=\"https:\/\/korilu.it\/w\/wp-content\/uploads\/2026\/01\/provider-ecm-2.png\" class=\"attachment-medium_large size-medium_large wp-image-16\" alt=\"\" srcset=\"https:\/\/korilu.it\/w\/wp-content\/uploads\/2026\/01\/provider-ecm-2.png 1130w, https:\/\/korilu.it\/w\/wp-content\/uploads\/2026\/01\/provider-ecm-2-600x275.png 600w\" sizes=\"(max-width: 768px) 100vw, 768px\" \/>\t\t\t\t\t\t\t\t\t\t\t\t\t\t\t<\/div>\n\t\t\t\t<div class=\"elementor-element elementor-element-71a6aa8 elementor-widget elementor-widget-text-editor\" data-id=\"71a6aa8\" data-element_type=\"widget\" data-e-type=\"widget\" data-widget_type=\"text-editor.default\">\n\t\t\t\t\t\t\t\t\t<div class=\"wppb-row-parent wppb-inner-row-parent wppb-row-1601542267526 \"><div class=\"wppb-container\"><div class=\"wppb-row\"><div class=\"wppb-column-parent wppb-column-parent-view wppb-col-1602250569336  \"><div class=\"wppb-column\"><div class=\"wppb-builder-addons\"><div class=\"wppb-builder-addon wppb-addon-1602250569337   \"><div class=\"wppb-inner_addon\"><div class=\"wppb-text-block-addon\"><div class=\"wppb-text-block-content 0\"><p><strong>ECM PROVIDER<\/strong><\/p><\/div><\/div><\/div><\/div><\/div><\/div><\/div><\/div><\/div><\/div><div class=\"wppb-row-parent wppb-inner-row-parent wppb-row-1602250569340 \"><div class=\"wppb-container\"><div class=\"wppb-row\"><div class=\"wppb-column-parent wppb-column-parent-view wppb-col-1602250569341  \"><div class=\"wppb-column\"><div class=\"wppb-builder-addons\"><div class=\"wppb-builder-addon wppb-addon-1602250633441   \"><div class=\"wppb-inner_addon\"><div class=\"wppb-text-block-addon\"><div class=\"wppb-text-block-content 0\"><p><strong>Koril\u00f9<\/strong>\u00a0has obtained Provider status from the National Commission for Continuing Education, pursuant to the November 5, 2009 State-Regions agreement on the new system of continuing medical education.<\/p><p>The National Agency for Regional Health Services (AGE.NA.S.) has included Koril\u00f9 srl among the accredited providers in the appropriate register, with\u00a0<strong>identification no. 5798<\/strong><\/p><\/div><\/div><\/div><\/div><\/div><\/div><\/div><\/div><\/div><\/div>\t\t\t\t\t\t\t\t<\/div>\n\t\t\t\t<div class=\"elementor-element elementor-element-6aa754a elementor-widget elementor-widget-image\" data-id=\"6aa754a\" data-element_type=\"widget\" data-e-type=\"widget\" data-widget_type=\"image.default\">\n\t\t\t\t\t\t\t\t\t\t\t\t\t\t\t\t<a href=\"https:\/\/korilu.it\/w\/congressi\/eventi\/\">\n\t\t\t\t\t\t\t<img decoding=\"async\" width=\"300\" height=\"97\" src=\"https:\/\/korilu.it\/w\/wp-content\/uploads\/2026\/01\/explore-the-congresses-scaled.png\" class=\"attachment-medium size-medium wp-image-109\" alt=\"\" srcset=\"https:\/\/korilu.it\/w\/wp-content\/uploads\/2026\/01\/explore-the-congresses-scaled.png 2560w, https:\/\/korilu.it\/w\/wp-content\/uploads\/2026\/01\/explore-the-congresses-600x195.png 600w\" sizes=\"(max-width: 300px) 100vw, 300px\" \/>\t\t\t\t\t\t\t\t<\/a>\n\t\t\t\t\t\t\t\t\t\t\t\t\t\t\t<\/div>\n\t\t\t\t<div class=\"elementor-element elementor-element-3eb0502 elementor-widget elementor-widget-heading\" data-id=\"3eb0502\" data-element_type=\"widget\" data-e-type=\"widget\" data-widget_type=\"heading.default\">\n\t\t\t\t\t<h3 class=\"elementor-heading-title elementor-size-default\">Last congresses:<\/h3>\t\t\t\t<\/div>\n\t\t\t\t\t<\/div>\n\t\t\t\t<\/div>\n\t\t<div class=\"elementor-element elementor-element-d0a980a e-flex e-con-boxed e-con e-parent\" data-id=\"d0a980a\" data-element_type=\"container\" data-e-type=\"container\">\n\t\t\t\t\t<div class=\"e-con-inner\">\n\t\t\t\t<div class=\"elementor-element elementor-element-d662f75 elementor-grid-3 elementor-grid-tablet-2 elementor-grid-mobile-1 elementor-posts--thumbnail-top elementor-widget elementor-widget-global elementor-global-528 elementor-widget-posts\" data-id=\"d662f75\" data-element_type=\"widget\" data-e-type=\"widget\" data-settings=\"{&quot;classic_masonry&quot;:&quot;yes&quot;,&quot;classic_columns&quot;:&quot;3&quot;,&quot;classic_columns_tablet&quot;:&quot;2&quot;,&quot;classic_columns_mobile&quot;:&quot;1&quot;,&quot;classic_row_gap&quot;:{&quot;unit&quot;:&quot;px&quot;,&quot;size&quot;:35,&quot;sizes&quot;:[]},&quot;classic_row_gap_tablet&quot;:{&quot;unit&quot;:&quot;px&quot;,&quot;size&quot;:&quot;&quot;,&quot;sizes&quot;:[]},&quot;classic_row_gap_mobile&quot;:{&quot;unit&quot;:&quot;px&quot;,&quot;size&quot;:&quot;&quot;,&quot;sizes&quot;:[]}}\" data-widget_type=\"posts.classic\">\n\t\t\t\t<div class=\"elementor-widget-container\">\n\t\t\t\t\t\t\t<div class=\"elementor-posts-container elementor-posts elementor-posts--skin-classic elementor-grid\" role=\"list\">\n\t\t\t\t<article class=\"elementor-post elementor-grid-item post-1970 post type-post status-publish format-standard has-post-thumbnail hentry category-congressi\" role=\"listitem\">\n\t\t\t\t<a class=\"elementor-post__thumbnail__link\" href=\"https:\/\/korilu.it\/w\/i-edizione-giornate-centesi-di-medicina-interna-e-gastroenterologia-2\/\" tabindex=\"-1\" >\n\t\t\t<div class=\"elementor-post__thumbnail\"><img loading=\"lazy\" decoding=\"async\" width=\"1058\" height=\"595\" src=\"https:\/\/korilu.it\/w\/wp-content\/uploads\/2026\/03\/immagine.jpg\" class=\"attachment-full size-full wp-image-1974\" alt=\"\" srcset=\"https:\/\/korilu.it\/w\/wp-content\/uploads\/2026\/03\/immagine.jpg 1058w, https:\/\/korilu.it\/w\/wp-content\/uploads\/2026\/03\/immagine-300x169.jpg 300w, https:\/\/korilu.it\/w\/wp-content\/uploads\/2026\/03\/immagine-1024x576.jpg 1024w, https:\/\/korilu.it\/w\/wp-content\/uploads\/2026\/03\/immagine-768x432.jpg 768w, https:\/\/korilu.it\/w\/wp-content\/uploads\/2026\/03\/immagine-600x337.jpg 600w\" sizes=\"(max-width: 1058px) 100vw, 1058px\" \/><\/div>\n\t\t<\/a>\n\t\t\t\t<div class=\"elementor-post__text\">\n\t\t\t\t<h3 class=\"elementor-post__title\">\n\t\t\t<a href=\"https:\/\/korilu.it\/w\/i-edizione-giornate-centesi-di-medicina-interna-e-gastroenterologia-2\/\" >\n\t\t\t\tII\u00b0 edizione Giornate Centesi di Medicina Interna e Gastroenterologia\t\t\t<\/a>\n\t\t<\/h3>\n\t\t\t\t<div class=\"elementor-post__excerpt\">\n\t\t\t<p><font color=\"red\"><b>II Edizione Giornate Centesi<\/b><\/font><br \/>\n<i>La prima parte del congresso verter\u00e0 sulle patologie infiammatorie intestinali. esempio patognomonico della cronicit\u00e0 in gastroenterologia, ma anche della complessit\u00e0 gestionale diagnostica e d\u2019impiego di target therapies, che combinano la ricerca di base a quella clinica, nell\u2019attuazione di protocolli terapeutici complessi. Il congresso preveder\u00e0 sessioni in cui verranno esplorate tematiche innovative che vanno dalle patologie funzionali del tratto gastroenterico e molte altre condizioni cliniche spesso osservate nella pratica quotidiana dell\u2019internista- gastroenterologo.<br \/>\n<\/i><br \/>\n<b>Presidente: <\/b><br \/>\nRoberto De Giorgio, Giorgio Zoli<br \/>\n<b>Data: <\/b><br \/>\n19\/20 Novembre 2026<br \/>\n<b>Citt\u00e0: <\/b><br \/>\nCento <br \/>\n<b>Luogo: <\/b><br \/>\nSalone di Rapprensentanza Credem Banca<\/p>\n\t\t<\/div>\n\t\t\n\t\t<a class=\"elementor-post__read-more\" href=\"https:\/\/korilu.it\/w\/i-edizione-giornate-centesi-di-medicina-interna-e-gastroenterologia-2\/\" aria-label=\"Leggi tutto II\u00b0 edizione Giornate Centesi di Medicina Interna e Gastroenterologia\" tabindex=\"-1\" >\n\t\t\tMore Info and Registration Form \u00bb\t\t<\/a>\n\n\t\t\t\t<\/div>\n\t\t\t\t<\/article>\n\t\t\t\t<article class=\"elementor-post elementor-grid-item post-1961 post type-post status-publish format-standard has-post-thumbnail hentry category-congressi\" role=\"listitem\">\n\t\t\t\t<a class=\"elementor-post__thumbnail__link\" href=\"https:\/\/korilu.it\/w\/cardiobaggiovara-4-ed-update-in-endocardite-e-cardiomiopatie-2\/\" tabindex=\"-1\" >\n\t\t\t<div class=\"elementor-post__thumbnail\"><img loading=\"lazy\" decoding=\"async\" width=\"225\" height=\"225\" src=\"https:\/\/korilu.it\/w\/wp-content\/uploads\/2026\/03\/cuore_cardiologiapertarga.jpg\" class=\"attachment-full size-full wp-image-1962\" alt=\"\" srcset=\"https:\/\/korilu.it\/w\/wp-content\/uploads\/2026\/03\/cuore_cardiologiapertarga.jpg 225w, https:\/\/korilu.it\/w\/wp-content\/uploads\/2026\/03\/cuore_cardiologiapertarga-150x150.jpg 150w, https:\/\/korilu.it\/w\/wp-content\/uploads\/2026\/03\/cuore_cardiologiapertarga-100x100.jpg 100w\" sizes=\"(max-width: 225px) 100vw, 225px\" \/><\/div>\n\t\t<\/a>\n\t\t\t\t<div class=\"elementor-post__text\">\n\t\t\t\t<h3 class=\"elementor-post__title\">\n\t\t\t<a href=\"https:\/\/korilu.it\/w\/cardiobaggiovara-4-ed-update-in-endocardite-e-cardiomiopatie-2\/\" >\n\t\t\t\tCardioBaggiovara 5\u00b0 edizione\t\t\t<\/a>\n\t\t<\/h3>\n\t\t\t\t<div class=\"elementor-post__excerpt\">\n\t\t\t<p><font color=\"red\"><b>Cardiobaggiovara V Edizione<\/b><\/font><br \/>\n<i>Il convegno affronta temi centrali della cardiologia moderna. Sar\u00e0 l\u2019occasione per aggiornamenti clinici e terapeutici, con particolare attenzione all\u2019approccio multidisciplinare e alla condivisione di esperienze e modelli organizzativi tra diverse realt\u00e0 ospedaliere.<\/i><br \/>\n<b>Presidente: <\/b> Mauro Zennaro<br \/>\n<b>Data: <\/b> 09 Ottobre 2026 <br \/>\n<b>Citt\u00e0: <\/b> Modena<br \/>\n<b>Luogo: <\/b> Hotel RMH Raffaello<\/p>\n\t\t<\/div>\n\t\t\n\t\t<a class=\"elementor-post__read-more\" href=\"https:\/\/korilu.it\/w\/cardiobaggiovara-4-ed-update-in-endocardite-e-cardiomiopatie-2\/\" aria-label=\"Leggi tutto CardioBaggiovara 5\u00b0 edizione\" tabindex=\"-1\" >\n\t\t\tMore Info and Registration Form \u00bb\t\t<\/a>\n\n\t\t\t\t<\/div>\n\t\t\t\t<\/article>\n\t\t\t\t<article class=\"elementor-post elementor-grid-item post-1024 post type-post status-publish format-standard has-post-thumbnail hentry category-congressi tag-epos-it tag-ita\" role=\"listitem\">\n\t\t\t\t<a class=\"elementor-post__thumbnail__link\" href=\"https:\/\/korilu.it\/w\/epos-bat-advanced-course-ita\/\" tabindex=\"-1\" >\n\t\t\t<div class=\"elementor-post__thumbnail\"><img loading=\"lazy\" decoding=\"async\" width=\"631\" height=\"903\" src=\"https:\/\/korilu.it\/w\/wp-content\/uploads\/2026\/03\/epos.png\" class=\"attachment-full size-full wp-image-910\" alt=\"\" srcset=\"https:\/\/korilu.it\/w\/wp-content\/uploads\/2026\/03\/epos.png 631w, https:\/\/korilu.it\/w\/wp-content\/uploads\/2026\/03\/epos-210x300.png 210w, https:\/\/korilu.it\/w\/wp-content\/uploads\/2026\/03\/epos-600x859.png 600w\" sizes=\"(max-width: 631px) 100vw, 631px\" \/><\/div>\n\t\t<\/a>\n\t\t\t\t<div class=\"elementor-post__text\">\n\t\t\t\t<h3 class=\"elementor-post__title\">\n\t\t\t<a href=\"https:\/\/korilu.it\/w\/epos-bat-advanced-course-ita\/\" >\n\t\t\t\tEPOS BAT Advanced Course\t\t\t<\/a>\n\t\t<\/h3>\n\t\t\t\t<div class=\"elementor-post__excerpt\">\n\t\t\t<p><font color=\"red\"><b>SAVE THE DATE<\/b><\/font><br \/>\n<i>This course provides an up-to-date and clinically focused overview of rare bone diseases, encompassing advances in classification, epidemiology, molecular diagnostics, imaging interpretation, and therapeutic innovation. Participants will explore key mechanisms such as genetic mutations, imprinting disorders, methylation defects, and mosaicism, and will gain practical guidance on phenotype-driven diagnosis and dysplasia-oriented radiographic assessment.<\/i><br \/>\n<b>Board: <\/b><br \/>\nGiovanni Trisolino, Course Chair<br \/>\nCristina Alves, EPOS Education Committee Chair<br \/>\nRalph J.B. Sakkers, EPOS President 2026-2027<br \/>\n<b>Data: <\/b> 17-18 September 2026<br \/>\n<b>Citt\u00e0: <\/b>Bologna, Italy<br \/>\n<b>Luogo: <\/b>Rizzoli Orthopedic Institute<\/p>\n\t\t<\/div>\n\t\t\n\t\t<a class=\"elementor-post__read-more\" href=\"https:\/\/korilu.it\/w\/epos-bat-advanced-course-ita\/\" aria-label=\"Leggi tutto EPOS BAT Advanced Course\" tabindex=\"-1\" >\n\t\t\tMore Info and Registration Form \u00bb\t\t<\/a>\n\n\t\t\t\t<\/div>\n\t\t\t\t<\/article>\n\t\t\t\t<\/div>\n\t\t\n\t\t\t\t\t\t<\/div>\n\t\t\t\t<\/div>\n\t\t\t\t\t<\/div>\n\t\t\t\t<\/div>\n\t\t\t\t<\/div>\n\t\t","protected":false},"excerpt":{"rendered":"<p>Congresses Organization We manage all aspects of\u00a0organizing\u00a0Congresses, Conferences, Itinerant Courses, Workshops, Seminars, Refresher Courses and Events in general. We support [&hellip;]<\/p>\n","protected":false},"author":3,"featured_media":0,"parent":0,"menu_order":0,"comment_status":"closed","ping_status":"closed","template":"","meta":{"site-sidebar-layout":"no-sidebar","site-content-layout":"","ast-site-content-layout":"full-width-container","site-content-style":"default","site-sidebar-style":"default","ast-global-header-display":"","ast-banner-title-visibility":"","ast-main-header-display":"","ast-hfb-above-header-display":"","ast-hfb-below-header-display":"","ast-hfb-mobile-header-display":"","site-post-title":"disabled","ast-breadcrumbs-content":"","ast-featured-img":"disabled","footer-sml-layout":"","ast-disable-related-posts":"","theme-transparent-header-meta":"","adv-header-id-meta":"","stick-header-meta":"","header-above-stick-meta":"","header-main-stick-meta":"","header-below-stick-meta":"","astra-migrate-meta-layouts":"default","ast-page-background-enabled":"default","ast-page-background-meta":{"desktop":{"background-color":"var(--ast-global-color-5)","background-image":"","background-repeat":"repeat","background-position":"center center","background-size":"auto","background-attachment":"scroll","background-type":"","background-media":"","overlay-type":"","overlay-color":"","overlay-opacity":"","overlay-gradient":""},"tablet":{"background-color":"","background-image":"","background-repeat":"repeat","background-position":"center center","background-size":"auto","background-attachment":"scroll","background-type":"","background-media":"","overlay-type":"","overlay-color":"","overlay-opacity":"","overlay-gradient":""},"mobile":{"background-color":"","background-image":"","background-repeat":"repeat","background-position":"center center","background-size":"auto","background-attachment":"scroll","background-type":"","background-media":"","overlay-type":"","overlay-color":"","overlay-opacity":"","overlay-gradient":""}},"ast-content-background-meta":{"desktop":{"background-color":"var(--ast-global-color-4)","background-image":"","background-repeat":"repeat","background-position":"center center","background-size":"auto","background-attachment":"scroll","background-type":"","background-media":"","overlay-type":"","overlay-color":"","overlay-opacity":"","overlay-gradient":""},"tablet":{"background-color":"var(--ast-global-color-4)","background-image":"","background-repeat":"repeat","background-position":"center center","background-size":"auto","background-attachment":"scroll","background-type":"","background-media":"","overlay-type":"","overlay-color":"","overlay-opacity":"","overlay-gradient":""},"mobile":{"background-color":"var(--ast-global-color-4)","background-image":"","background-repeat":"repeat","background-position":"center center","background-size":"auto","background-attachment":"scroll","background-type":"","background-media":"","overlay-type":"","overlay-color":"","overlay-opacity":"","overlay-gradient":""}},"footnotes":""},"class_list":["post-526","page","type-page","status-publish","hentry"],"_links":{"self":[{"href":"https:\/\/korilu.it\/w\/wp-json\/wp\/v2\/pages\/526","targetHints":{"allow":["GET"]}}],"collection":[{"href":"https:\/\/korilu.it\/w\/wp-json\/wp\/v2\/pages"}],"about":[{"href":"https:\/\/korilu.it\/w\/wp-json\/wp\/v2\/types\/page"}],"author":[{"embeddable":true,"href":"https:\/\/korilu.it\/w\/wp-json\/wp\/v2\/users\/3"}],"replies":[{"embeddable":true,"href":"https:\/\/korilu.it\/w\/wp-json\/wp\/v2\/comments?post=526"}],"version-history":[{"count":4,"href":"https:\/\/korilu.it\/w\/wp-json\/wp\/v2\/pages\/526\/revisions"}],"predecessor-version":[{"id":533,"href":"https:\/\/korilu.it\/w\/wp-json\/wp\/v2\/pages\/526\/revisions\/533"}],"wp:attachment":[{"href":"https:\/\/korilu.it\/w\/wp-json\/wp\/v2\/media?parent=526"}],"curies":[{"name":"wp","href":"https:\/\/api.w.org\/{rel}","templated":true}]}}